{"id":2042,"date":"2026-03-25T17:43:42","date_gmt":"2026-03-25T17:43:42","guid":{"rendered":"https:\/\/lbdiamantaires.sandbox.8p-design.com\/?page_id=2042"},"modified":"2026-04-01T14:52:32","modified_gmt":"2026-04-01T14:52:32","slug":"engagement-ethique","status":"publish","type":"page","link":"https:\/\/lbdiamantaires.com\/fr\/engagement-ethique\/","title":{"rendered":"Engagement \u00e9thique"},"content":{"rendered":"\t\t<div data-elementor-type=\"wp-page\" data-elementor-id=\"2042\" class=\"elementor elementor-2042\" data-elementor-post-type=\"page\">\n\t\t\t\t<div class=\"elementor-element elementor-element-eb01b61 e-flex e-con-boxed e-con e-parent\" data-id=\"eb01b61\" data-element_type=\"container\" data-e-type=\"container\">\n\t\t\t\t\t<div class=\"e-con-inner\">\n\t\t<div class=\"elementor-element elementor-element-c453daa e-con-full e-flex e-con e-child\" data-id=\"c453daa\" data-element_type=\"container\" data-e-type=\"container\">\n\t\t<div class=\"elementor-element elementor-element-c548353 e-con-full e-flex e-con e-child\" data-id=\"c548353\" data-element_type=\"container\" data-e-type=\"container\">\n\t\t\t\t<div class=\"elementor-element elementor-element-a0d72ac elementor-widget elementor-widget-heading\" data-id=\"a0d72ac\" data-element_type=\"widget\" data-e-type=\"widget\" data-widget_type=\"heading.default\">\n\t\t\t\t\t<h1 class=\"elementor-heading-title elementor-size-default\">Notre Engagement \u00c9thique<\/h1>\t\t\t\t<\/div>\n\t\t\t\t<\/div>\n\t\t\t\t<div class=\"elementor-element elementor-element-42678f7 elementor-widget elementor-widget-text-editor\" data-id=\"42678f7\" data-element_type=\"widget\" data-e-type=\"widget\" data-widget_type=\"text-editor.default\">\n\t\t\t\t\t\t\t\t\t<p>Chez Laferri\u00e8re &amp; Brixi nous croyons fermement qu\u2019il est n\u00e9cessaire de b\u00e2tir un avenir meilleur pour l\u2019industrie des diamants et de la joaillerie. Cette vision s\u2019appuie sur notre engagement ferme pour l\u2019approvisionnement et la fabrication \u00e9thique de nos produits.<\/p><p>Voici les mesures que nous avons mises en place:<\/p>\t\t\t\t\t\t\t\t<\/div>\n\t\t\t\t<div class=\"elementor-element elementor-element-bc3bb75 elementor-widget elementor-widget-heading\" data-id=\"bc3bb75\" data-element_type=\"widget\" data-e-type=\"widget\" data-widget_type=\"heading.default\">\n\t\t\t\t\t<h2 class=\"elementor-heading-title elementor-size-default\">QUALIT\u00c9 ET INT\u00c9GRIT\u00c9<\/h2>\t\t\t\t<\/div>\n\t\t\t\t<div class=\"elementor-element elementor-element-8bfe7a7 elementor-widget elementor-widget-text-editor\" data-id=\"8bfe7a7\" data-element_type=\"widget\" data-e-type=\"widget\" data-widget_type=\"text-editor.default\">\n\t\t\t\t\t\t\t\t\t<ul><li>Nous vendons des diamants naturels uniquement. Nous avons une tol\u00e9rance z\u00e9ro pour l\u2019utilisation et la commercialisation de diamants synth\u00e9tiques \/ de laboratoires.<\/li><li>Nous priorisons l\u2019utilisation de fournisseurs locaux pour l\u2019ensemble des produits que nous achetons et des services que nous utilisons.<\/li><li>Nous souscrivons au <a href=\"https:\/\/www.kimberleyprocess.com\/\" target=\"_blank\" rel=\"noopener\">Kimberley Process<\/a> , qui vise \u00e0 l\u2019\u00e9limination des diamants provenant de zones de conflits dans la cha\u00eene d\u2019approvisionnement.<\/li><li>Nous sommes signataire du Code de Conduite sur les Diamants Canadiens qui favorise l\u2019\u00e9mergence et le d\u00e9veloppement de l\u2019industrie diamantaire canadienne.<\/li><li>Nous sommes engag\u00e9s avec le Rapaport Pledge for Ethical Jewelry www.ethicalpledge.com visant \u00e0 favoriser les pratiques d\u2019entreprises \u00e9thiques dans l\u2019industrie joailli\u00e8re.<\/li><\/ul>\t\t\t\t\t\t\t\t<\/div>\n\t\t\t\t<\/div>\n\t\t<div class=\"elementor-element elementor-element-5681b67 e-con-full e-flex e-con e-child\" data-id=\"5681b67\" data-element_type=\"container\" data-e-type=\"container\" data-settings=\"{&quot;background_background&quot;:&quot;classic&quot;}\">\n\t\t\t\t<\/div>\n\t\t\t\t\t<\/div>\n\t\t\t\t<\/div>\n\t\t<div class=\"elementor-element elementor-element-8b6cf36 e-flex e-con-boxed e-con e-parent\" data-id=\"8b6cf36\" data-element_type=\"container\" data-e-type=\"container\">\n\t\t\t\t\t<div class=\"e-con-inner\">\n\t\t<div class=\"elementor-element elementor-element-51e67c0 e-con-full e-flex e-con e-child\" data-id=\"51e67c0\" data-element_type=\"container\" data-e-type=\"container\">\n\t\t<div class=\"elementor-element elementor-element-7b4ffd2 e-con-full e-flex e-con e-child\" data-id=\"7b4ffd2\" data-element_type=\"container\" data-e-type=\"container\">\n\t\t\t\t<div class=\"elementor-element elementor-element-1cc2bc0 elementor-widget elementor-widget-heading\" data-id=\"1cc2bc0\" data-element_type=\"widget\" data-e-type=\"widget\" data-widget_type=\"heading.default\">\n\t\t\t\t\t<h2 class=\"elementor-heading-title elementor-size-default\">Fabrication locale<\/h2>\t\t\t\t<\/div>\n\t\t\t\t<\/div>\n\t\t\t\t<div class=\"elementor-element elementor-element-9f4eb5f elementor-widget elementor-widget-text-editor\" data-id=\"9f4eb5f\" data-element_type=\"widget\" data-e-type=\"widget\" data-widget_type=\"text-editor.default\">\n\t\t\t\t\t\t\t\t\tTous nos bijoux sont con\u00e7us, dessin\u00e9s et enti\u00e8rement fabriqu\u00e9s localement dans nos ateliers \u00e0 Montr\u00e9al, Canada. C\u2019est gr\u00e2ce \u00e0 l\u2019exp\u00e9rience et l\u2019expertise de nos artisans locaux, que nos bijoux sont de qualit\u00e9 sup\u00e9rieure. Toutes nos pi\u00e8ces de haute joaillerie portent notre sceau \u201cLB\u201d comme gage de leur authenticit\u00e9 et qualit\u00e9.\t\t\t\t\t\t\t\t<\/div>\n\t\t\t\t<div class=\"elementor-element elementor-element-3cc40b4 elementor-widget elementor-widget-heading\" data-id=\"3cc40b4\" data-element_type=\"widget\" data-e-type=\"widget\" data-widget_type=\"heading.default\">\n\t\t\t\t\t<h3 class=\"elementor-heading-title elementor-size-default\">Engagement communautaire<\/h3>\t\t\t\t<\/div>\n\t\t\t\t<div class=\"elementor-element elementor-element-a17d0a3 elementor-widget elementor-widget-text-editor\" data-id=\"a17d0a3\" data-element_type=\"widget\" data-e-type=\"widget\" data-widget_type=\"text-editor.default\">\n\t\t\t\t\t\t\t\t\t<p>Nous croyons que c\u2019est en am\u00e9liorant la qualit\u00e9 de vie des membres de notre communaut\u00e9 que nous pouvons grandir comme entreprise. C\u2019est dans cette optique que depuis plus de 20 ans, Laferriere &amp; Brixi s\u2019implique activement dans de nombreuses fondations et \u0153uvres de bienfaisances.<\/p><p>Chez Laferri\u00e8re &amp; Brixi Diamantaires, notre engagement envers des pratiques commerciales \u00e9thiques sont au c\u0153ur de toutes nos d\u00e9cisions.<\/p><p><em>Louis-Alexandre Laferri\u00e8re, Pr\u00e9sident.<\/em><\/p>\t\t\t\t\t\t\t\t<\/div>\n\t\t\t\t<\/div>\n\t\t<div class=\"elementor-element elementor-element-ff3be94 e-con-full e-flex e-con e-child\" data-id=\"ff3be94\" data-element_type=\"container\" data-e-type=\"container\" data-settings=\"{&quot;background_background&quot;:&quot;classic&quot;}\">\n\t\t\t\t<\/div>\n\t\t\t\t\t<\/div>\n\t\t\t\t<\/div>\n\t\t\t\t<\/div>\n\t\t","protected":false},"excerpt":{"rendered":"<p>Notre Engagement \u00c9thique Chez Laferri\u00e8re &amp; Brixi nous croyons fermement qu\u2019il est n\u00e9cessaire de b\u00e2tir un avenir meilleur pour l\u2019industrie des diamants et de la joaillerie. Cette vision s\u2019appuie sur notre engagement ferme pour l\u2019approvisionnement et la fabrication \u00e9thique de nos produits. Voici les mesures que nous avons mises en place: QUALIT\u00c9 ET INT\u00c9GRIT\u00c9 Nous [&hellip;]<\/p>\n","protected":false},"author":2,"featured_media":0,"parent":0,"menu_order":0,"comment_status":"closed","ping_status":"closed","template":"","meta":{"footnotes":""},"class_list":["post-2042","page","type-page","status-publish","hentry"],"yoast_head":"<!-- This site is optimized with the Yoast SEO plugin v27.4 - https:\/\/yoast.com\/product\/yoast-seo-wordpress\/ -->\n<title>Engagement \u00e9thique | LB Diamantaires<\/title>\n<meta name=\"description\" content=\"\u202fDes diamants naturels et un approvisionnement \u00e9thique\u202f: Laferri\u00e8re &amp; Brixi favorise la transparence et les pratiques responsables dans la joaillerie.\" \/>\n<meta name=\"robots\" content=\"index, follow, max-snippet:-1, max-image-preview:large, max-video-preview:-1\" \/>\n<link rel=\"canonical\" href=\"https:\/\/lbdiamantaires.com\/fr\/engagement-ethique\/\" \/>\n<meta property=\"og:locale\" content=\"fr_FR\" \/>\n<meta property=\"og:type\" content=\"article\" \/>\n<meta property=\"og:title\" content=\"Engagement \u00e9thique | LB Diamantaires\" \/>\n<meta property=\"og:description\" content=\"\u202fDes diamants naturels et un approvisionnement \u00e9thique\u202f: Laferri\u00e8re &amp; Brixi favorise la transparence et les pratiques responsables dans la joaillerie.\" \/>\n<meta property=\"og:url\" content=\"https:\/\/lbdiamantaires.com\/fr\/engagement-ethique\/\" \/>\n<meta property=\"og:site_name\" content=\"LB Diamantaires\" \/>\n<meta property=\"article:modified_time\" content=\"2026-04-01T14:52:32+00:00\" \/>\n<meta property=\"og:image\" content=\"https:\/\/lbdiamantaires.com\/wp-content\/uploads\/2026\/04\/Lb-diamantaires-official-website.png\" \/>\n\t<meta property=\"og:image:width\" content=\"1200\" \/>\n\t<meta property=\"og:image:height\" content=\"675\" \/>\n\t<meta property=\"og:image:type\" content=\"image\/png\" \/>\n<meta name=\"twitter:card\" content=\"summary_large_image\" \/>\n<meta name=\"twitter:site\" content=\"@laferrierebrixi\" \/>\n<meta name=\"twitter:label1\" content=\"Dur\u00e9e de lecture estim\u00e9e\" \/>\n\t<meta name=\"twitter:data1\" content=\"2 minutes\" \/>\n<script type=\"application\/ld+json\" class=\"yoast-schema-graph\">{\"@context\":\"https:\\\/\\\/schema.org\",\"@graph\":[{\"@type\":\"WebPage\",\"@id\":\"https:\\\/\\\/lbdiamantaires.com\\\/fr\\\/engagement-ethique\\\/\",\"url\":\"https:\\\/\\\/lbdiamantaires.com\\\/fr\\\/engagement-ethique\\\/\",\"name\":\"Engagement \u00e9thique | LB Diamantaires\",\"isPartOf\":{\"@id\":\"https:\\\/\\\/lbdiamantaires.com\\\/fr\\\/#website\"},\"datePublished\":\"2026-03-25T17:43:42+00:00\",\"dateModified\":\"2026-04-01T14:52:32+00:00\",\"description\":\"\u202fDes diamants naturels et un approvisionnement \u00e9thique\u202f: Laferri\u00e8re & Brixi favorise la transparence et les pratiques responsables dans la joaillerie.\",\"breadcrumb\":{\"@id\":\"https:\\\/\\\/lbdiamantaires.com\\\/fr\\\/engagement-ethique\\\/#breadcrumb\"},\"inLanguage\":\"fr-FR\",\"potentialAction\":[{\"@type\":\"ReadAction\",\"target\":[\"https:\\\/\\\/lbdiamantaires.com\\\/fr\\\/engagement-ethique\\\/\"]}]},{\"@type\":\"BreadcrumbList\",\"@id\":\"https:\\\/\\\/lbdiamantaires.com\\\/fr\\\/engagement-ethique\\\/#breadcrumb\",\"itemListElement\":[{\"@type\":\"ListItem\",\"position\":1,\"name\":\"Accueil\",\"item\":\"https:\\\/\\\/lbdiamantaires.com\\\/fr\\\/\"},{\"@type\":\"ListItem\",\"position\":2,\"name\":\"Engagement \u00e9thique\"}]},{\"@type\":\"WebSite\",\"@id\":\"https:\\\/\\\/lbdiamantaires.com\\\/fr\\\/#website\",\"url\":\"https:\\\/\\\/lbdiamantaires.com\\\/fr\\\/\",\"name\":\"LB Diamantaires\",\"description\":\"Laferri\u00e8re &amp; Brixi\u00a0Diamantaires sp\u00e9cialiste de vente et achat de diamants d&#039;exception et fabrication de bijoux\",\"publisher\":{\"@id\":\"https:\\\/\\\/lbdiamantaires.com\\\/fr\\\/#organization\"},\"alternateName\":\"Laferri\u00e8re & Brixi Diamantaires\",\"potentialAction\":[{\"@type\":\"SearchAction\",\"target\":{\"@type\":\"EntryPoint\",\"urlTemplate\":\"https:\\\/\\\/lbdiamantaires.com\\\/fr\\\/?s={search_term_string}\"},\"query-input\":{\"@type\":\"PropertyValueSpecification\",\"valueRequired\":true,\"valueName\":\"search_term_string\"}}],\"inLanguage\":\"fr-FR\"},{\"@type\":\"Organization\",\"@id\":\"https:\\\/\\\/lbdiamantaires.com\\\/fr\\\/#organization\",\"name\":\"LB Diamantaires\",\"alternateName\":\"Laferri\u00e8re & Brixi Diamantaires\",\"url\":\"https:\\\/\\\/lbdiamantaires.com\\\/fr\\\/\",\"logo\":{\"@type\":\"ImageObject\",\"inLanguage\":\"fr-FR\",\"@id\":\"https:\\\/\\\/lbdiamantaires.com\\\/fr\\\/#\\\/schema\\\/logo\\\/image\\\/\",\"url\":\"https:\\\/\\\/lbdiamantaires.com\\\/wp-content\\\/uploads\\\/2026\\\/04\\\/lb-diamantaires-SEO.png\",\"contentUrl\":\"https:\\\/\\\/lbdiamantaires.com\\\/wp-content\\\/uploads\\\/2026\\\/04\\\/lb-diamantaires-SEO.png\",\"width\":696,\"height\":696,\"caption\":\"LB Diamantaires\"},\"image\":{\"@id\":\"https:\\\/\\\/lbdiamantaires.com\\\/fr\\\/#\\\/schema\\\/logo\\\/image\\\/\"},\"sameAs\":[\"https:\\\/\\\/x.com\\\/laferrierebrixi\",\"https:\\\/\\\/www.linkedin.com\\\/in\\\/alexandrelaferriere\\\/\",\"https:\\\/\\\/www.pinterest.com\\\/laferrierebrixi\\\/\",\"https:\\\/\\\/www.instagram.com\\\/nadia.brixi_lb.diamantaires\"]}]}<\/script>\n<!-- \/ Yoast SEO plugin. -->","yoast_head_json":{"title":"Engagement \u00e9thique | LB Diamantaires","description":"\u202fDes diamants naturels et un approvisionnement \u00e9thique\u202f: Laferri\u00e8re & Brixi favorise la transparence et les pratiques responsables dans la joaillerie.","robots":{"index":"index","follow":"follow","max-snippet":"max-snippet:-1","max-image-preview":"max-image-preview:large","max-video-preview":"max-video-preview:-1"},"canonical":"https:\/\/lbdiamantaires.com\/fr\/engagement-ethique\/","og_locale":"fr_FR","og_type":"article","og_title":"Engagement \u00e9thique | LB Diamantaires","og_description":"\u202fDes diamants naturels et un approvisionnement \u00e9thique\u202f: Laferri\u00e8re & Brixi favorise la transparence et les pratiques responsables dans la joaillerie.","og_url":"https:\/\/lbdiamantaires.com\/fr\/engagement-ethique\/","og_site_name":"LB Diamantaires","article_modified_time":"2026-04-01T14:52:32+00:00","og_image":[{"width":1200,"height":675,"url":"https:\/\/lbdiamantaires.com\/wp-content\/uploads\/2026\/04\/Lb-diamantaires-official-website.png","type":"image\/png"}],"twitter_card":"summary_large_image","twitter_site":"@laferrierebrixi","twitter_misc":{"Dur\u00e9e de lecture estim\u00e9e":"2 minutes"},"schema":{"@context":"https:\/\/schema.org","@graph":[{"@type":"WebPage","@id":"https:\/\/lbdiamantaires.com\/fr\/engagement-ethique\/","url":"https:\/\/lbdiamantaires.com\/fr\/engagement-ethique\/","name":"Engagement \u00e9thique | LB Diamantaires","isPartOf":{"@id":"https:\/\/lbdiamantaires.com\/fr\/#website"},"datePublished":"2026-03-25T17:43:42+00:00","dateModified":"2026-04-01T14:52:32+00:00","description":"\u202fDes diamants naturels et un approvisionnement \u00e9thique\u202f: Laferri\u00e8re & Brixi favorise la transparence et les pratiques responsables dans la joaillerie.","breadcrumb":{"@id":"https:\/\/lbdiamantaires.com\/fr\/engagement-ethique\/#breadcrumb"},"inLanguage":"fr-FR","potentialAction":[{"@type":"ReadAction","target":["https:\/\/lbdiamantaires.com\/fr\/engagement-ethique\/"]}]},{"@type":"BreadcrumbList","@id":"https:\/\/lbdiamantaires.com\/fr\/engagement-ethique\/#breadcrumb","itemListElement":[{"@type":"ListItem","position":1,"name":"Accueil","item":"https:\/\/lbdiamantaires.com\/fr\/"},{"@type":"ListItem","position":2,"name":"Engagement \u00e9thique"}]},{"@type":"WebSite","@id":"https:\/\/lbdiamantaires.com\/fr\/#website","url":"https:\/\/lbdiamantaires.com\/fr\/","name":"LB Diamantaires","description":"Laferri\u00e8re &amp; Brixi\u00a0Diamantaires sp\u00e9cialiste de vente et achat de diamants d&#039;exception et fabrication de bijoux","publisher":{"@id":"https:\/\/lbdiamantaires.com\/fr\/#organization"},"alternateName":"Laferri\u00e8re & Brixi Diamantaires","potentialAction":[{"@type":"SearchAction","target":{"@type":"EntryPoint","urlTemplate":"https:\/\/lbdiamantaires.com\/fr\/?s={search_term_string}"},"query-input":{"@type":"PropertyValueSpecification","valueRequired":true,"valueName":"search_term_string"}}],"inLanguage":"fr-FR"},{"@type":"Organization","@id":"https:\/\/lbdiamantaires.com\/fr\/#organization","name":"LB Diamantaires","alternateName":"Laferri\u00e8re & Brixi Diamantaires","url":"https:\/\/lbdiamantaires.com\/fr\/","logo":{"@type":"ImageObject","inLanguage":"fr-FR","@id":"https:\/\/lbdiamantaires.com\/fr\/#\/schema\/logo\/image\/","url":"https:\/\/lbdiamantaires.com\/wp-content\/uploads\/2026\/04\/lb-diamantaires-SEO.png","contentUrl":"https:\/\/lbdiamantaires.com\/wp-content\/uploads\/2026\/04\/lb-diamantaires-SEO.png","width":696,"height":696,"caption":"LB Diamantaires"},"image":{"@id":"https:\/\/lbdiamantaires.com\/fr\/#\/schema\/logo\/image\/"},"sameAs":["https:\/\/x.com\/laferrierebrixi","https:\/\/www.linkedin.com\/in\/alexandrelaferriere\/","https:\/\/www.pinterest.com\/laferrierebrixi\/","https:\/\/www.instagram.com\/nadia.brixi_lb.diamantaires"]}]}},"_links":{"self":[{"href":"https:\/\/lbdiamantaires.com\/fr\/wp-json\/wp\/v2\/pages\/2042","targetHints":{"allow":["GET"]}}],"collection":[{"href":"https:\/\/lbdiamantaires.com\/fr\/wp-json\/wp\/v2\/pages"}],"about":[{"href":"https:\/\/lbdiamantaires.com\/fr\/wp-json\/wp\/v2\/types\/page"}],"author":[{"embeddable":true,"href":"https:\/\/lbdiamantaires.com\/fr\/wp-json\/wp\/v2\/users\/2"}],"replies":[{"embeddable":true,"href":"https:\/\/lbdiamantaires.com\/fr\/wp-json\/wp\/v2\/comments?post=2042"}],"version-history":[{"count":80,"href":"https:\/\/lbdiamantaires.com\/fr\/wp-json\/wp\/v2\/pages\/2042\/revisions"}],"predecessor-version":[{"id":4082,"href":"https:\/\/lbdiamantaires.com\/fr\/wp-json\/wp\/v2\/pages\/2042\/revisions\/4082"}],"wp:attachment":[{"href":"https:\/\/lbdiamantaires.com\/fr\/wp-json\/wp\/v2\/media?parent=2042"}],"curies":[{"name":"wp","href":"https:\/\/api.w.org\/{rel}","templated":true}]}}