{"id":2045,"date":"2026-03-25T17:44:52","date_gmt":"2026-03-25T17:44:52","guid":{"rendered":"https:\/\/lbdiamantaires.sandbox.8p-design.com\/?page_id=2045"},"modified":"2026-04-01T16:27:33","modified_gmt":"2026-04-01T16:27:33","slug":"diamants-naturels","status":"publish","type":"page","link":"https:\/\/lbdiamantaires.com\/fr\/diamants-naturels\/","title":{"rendered":"Diamants naturels"},"content":{"rendered":"\t\t<div data-elementor-type=\"wp-page\" data-elementor-id=\"2045\" class=\"elementor elementor-2045\" data-elementor-post-type=\"page\">\n\t\t\t\t<div class=\"elementor-element elementor-element-ce43c11 e-flex e-con-boxed e-con e-parent\" data-id=\"ce43c11\" data-element_type=\"container\" data-e-type=\"container\">\n\t\t\t\t\t<div class=\"e-con-inner\">\n\t\t<div class=\"elementor-element elementor-element-0e75d5a e-con-full e-flex e-con e-child\" data-id=\"0e75d5a\" data-element_type=\"container\" data-e-type=\"container\">\n\t\t<div class=\"elementor-element elementor-element-cfcedd1 e-con-full e-flex e-con e-child\" data-id=\"cfcedd1\" data-element_type=\"container\" data-e-type=\"container\">\n\t\t\t\t<div class=\"elementor-element elementor-element-14ffdc9 elementor-widget elementor-widget-heading\" data-id=\"14ffdc9\" data-element_type=\"widget\" data-e-type=\"widget\" data-widget_type=\"heading.default\">\n\t\t\t\t\t<h1 class=\"elementor-heading-title elementor-size-default\">Diamants naturels seulement<\/h1>\t\t\t\t<\/div>\n\t\t\t\t<\/div>\n\t\t\t\t<div class=\"elementor-element elementor-element-00a8be7 elementor-widget elementor-widget-text-editor\" data-id=\"00a8be7\" data-element_type=\"widget\" data-e-type=\"widget\" data-widget_type=\"text-editor.default\">\n\t\t\t\t\t\t\t\t\t<p>Les diamants naturels sont une ressource rare et pr\u00e9cieuse qui conservent leur valeur dans le temps.<\/p><p>Chez Laferri\u00e8re &amp; Brixi Diamantaires Inc., nous achetons et vendons uniquement des diamants naturels.<\/p><p>Afin de prot\u00e9ger l\u2019investissement de nos clients, nous avons mis en place une politique rigoureuse d\u2019approvisionnement afin de s\u2019assurer de l\u2019origine naturelle de tous nos diamants.<\/p>\t\t\t\t\t\t\t\t<\/div>\n\t\t\t\t<\/div>\n\t\t<div class=\"elementor-element elementor-element-74bd10f e-con-full e-flex e-con e-child\" data-id=\"74bd10f\" data-element_type=\"container\" data-e-type=\"container\">\n\t\t\t\t<div class=\"elementor-element elementor-element-b33cbb7 elementor-widget elementor-widget-image\" data-id=\"b33cbb7\" data-element_type=\"widget\" data-e-type=\"widget\" data-widget_type=\"image.default\">\n\t\t\t\t\t\t\t\t\t\t\t\t\t\t\t<img fetchpriority=\"high\" decoding=\"async\" width=\"300\" height=\"300\" src=\"https:\/\/lbdiamantaires.com\/wp-content\/uploads\/2026\/03\/laferriere-and-brixi-visuel-sceau-qualite-300x300.png\" class=\"attachment-medium size-medium wp-image-898\" alt=\"\" srcset=\"https:\/\/lbdiamantaires.com\/wp-content\/uploads\/2026\/03\/laferriere-and-brixi-visuel-sceau-qualite-300x300.png 300w, https:\/\/lbdiamantaires.com\/wp-content\/uploads\/2026\/03\/laferriere-and-brixi-visuel-sceau-qualite-150x150.png 150w, https:\/\/lbdiamantaires.com\/wp-content\/uploads\/2026\/03\/laferriere-and-brixi-visuel-sceau-qualite.png 402w\" sizes=\"(max-width: 300px) 100vw, 300px\" \/>\t\t\t\t\t\t\t\t\t\t\t\t\t\t\t<\/div>\n\t\t\t\t<\/div>\n\t\t\t\t\t<\/div>\n\t\t\t\t<\/div>\n\t\t<div class=\"elementor-element elementor-element-e64cae9 e-con-full e-flex e-con e-parent\" data-id=\"e64cae9\" data-element_type=\"container\" data-e-type=\"container\">\n\t\t\t\t<div class=\"elementor-element elementor-element-bb408a4 elementor-widget elementor-widget-image\" data-id=\"bb408a4\" data-element_type=\"widget\" data-e-type=\"widget\" data-widget_type=\"image.default\">\n\t\t\t\t\t\t\t\t\t\t\t\t\t\t\t<img decoding=\"async\" width=\"2560\" height=\"1702\" src=\"https:\/\/lbdiamantaires.com\/wp-content\/uploads\/2026\/03\/laferriere-and-brixi-natural-diamond-full-width-scaled.jpeg\" class=\"attachment-full size-full wp-image-835\" alt=\"Laferri\u00e8re &amp; Brixi Diamants Naturels\" srcset=\"https:\/\/lbdiamantaires.com\/wp-content\/uploads\/2026\/03\/laferriere-and-brixi-natural-diamond-full-width-scaled.jpeg 2560w, https:\/\/lbdiamantaires.com\/wp-content\/uploads\/2026\/03\/laferriere-and-brixi-natural-diamond-full-width-300x199.jpeg 300w, https:\/\/lbdiamantaires.com\/wp-content\/uploads\/2026\/03\/laferriere-and-brixi-natural-diamond-full-width-1024x681.jpeg 1024w, https:\/\/lbdiamantaires.com\/wp-content\/uploads\/2026\/03\/laferriere-and-brixi-natural-diamond-full-width-768x511.jpeg 768w, https:\/\/lbdiamantaires.com\/wp-content\/uploads\/2026\/03\/laferriere-and-brixi-natural-diamond-full-width-1536x1021.jpeg 1536w, https:\/\/lbdiamantaires.com\/wp-content\/uploads\/2026\/03\/laferriere-and-brixi-natural-diamond-full-width-2048x1362.jpeg 2048w\" sizes=\"(max-width: 2560px) 100vw, 2560px\" \/>\t\t\t\t\t\t\t\t\t\t\t\t\t\t\t<\/div>\n\t\t\t\t<\/div>\n\t\t\t\t<\/div>\n\t\t","protected":false},"excerpt":{"rendered":"<p>Diamants naturels seulement Les diamants naturels sont une ressource rare et pr\u00e9cieuse qui conservent leur valeur dans le temps. Chez Laferri\u00e8re &amp; Brixi Diamantaires Inc., nous achetons et vendons uniquement des diamants naturels. Afin de prot\u00e9ger l\u2019investissement de nos clients, nous avons mis en place une politique rigoureuse d\u2019approvisionnement afin de s\u2019assurer de l\u2019origine naturelle [&hellip;]<\/p>\n","protected":false},"author":2,"featured_media":0,"parent":0,"menu_order":0,"comment_status":"closed","ping_status":"closed","template":"","meta":{"footnotes":""},"class_list":["post-2045","page","type-page","status-publish","hentry"],"yoast_head":"<!-- This site is optimized with the Yoast SEO plugin v27.4 - https:\/\/yoast.com\/product\/yoast-seo-wordpress\/ -->\n<title>Diamants naturels | LB Diamantaires<\/title>\n<meta name=\"description\" content=\"\u202fLes diamants naturels, rares et pr\u00e9cieux, conservent leur \u00e9clat et leur valeur dans le temps. D\u00e9couvrez l\u2019excellence et l\u2019authenticit\u00e9 des pierres v\u00e9ritables.\" \/>\n<meta name=\"robots\" content=\"index, follow, max-snippet:-1, max-image-preview:large, max-video-preview:-1\" \/>\n<link rel=\"canonical\" href=\"https:\/\/lbdiamantaires.com\/fr\/diamants-naturels\/\" \/>\n<meta property=\"og:locale\" content=\"fr_FR\" \/>\n<meta property=\"og:type\" content=\"article\" \/>\n<meta property=\"og:title\" content=\"Diamants naturels | LB Diamantaires\" \/>\n<meta property=\"og:description\" content=\"\u202fLes diamants naturels, rares et pr\u00e9cieux, conservent leur \u00e9clat et leur valeur dans le temps. D\u00e9couvrez l\u2019excellence et l\u2019authenticit\u00e9 des pierres v\u00e9ritables.\" \/>\n<meta property=\"og:url\" content=\"https:\/\/lbdiamantaires.com\/fr\/diamants-naturels\/\" \/>\n<meta property=\"og:site_name\" content=\"LB Diamantaires\" \/>\n<meta property=\"article:modified_time\" content=\"2026-04-01T16:27:33+00:00\" \/>\n<meta property=\"og:image\" content=\"https:\/\/lbdiamantaires.com\/wp-content\/uploads\/2026\/03\/laferriere-and-brixi-visuel-sceau-qualite-300x300.png\" \/>\n<meta name=\"twitter:card\" content=\"summary_large_image\" \/>\n<meta name=\"twitter:site\" content=\"@laferrierebrixi\" \/>\n<meta name=\"twitter:label1\" content=\"Dur\u00e9e de lecture estim\u00e9e\" \/>\n\t<meta name=\"twitter:data1\" content=\"1 minute\" \/>\n<script type=\"application\/ld+json\" class=\"yoast-schema-graph\">{\"@context\":\"https:\\\/\\\/schema.org\",\"@graph\":[{\"@type\":\"WebPage\",\"@id\":\"https:\\\/\\\/lbdiamantaires.com\\\/fr\\\/diamants-naturels\\\/\",\"url\":\"https:\\\/\\\/lbdiamantaires.com\\\/fr\\\/diamants-naturels\\\/\",\"name\":\"Diamants naturels | LB Diamantaires\",\"isPartOf\":{\"@id\":\"https:\\\/\\\/lbdiamantaires.com\\\/fr\\\/#website\"},\"primaryImageOfPage\":{\"@id\":\"https:\\\/\\\/lbdiamantaires.com\\\/fr\\\/diamants-naturels\\\/#primaryimage\"},\"image\":{\"@id\":\"https:\\\/\\\/lbdiamantaires.com\\\/fr\\\/diamants-naturels\\\/#primaryimage\"},\"thumbnailUrl\":\"https:\\\/\\\/lbdiamantaires.com\\\/wp-content\\\/uploads\\\/2026\\\/03\\\/laferriere-and-brixi-visuel-sceau-qualite-300x300.png\",\"datePublished\":\"2026-03-25T17:44:52+00:00\",\"dateModified\":\"2026-04-01T16:27:33+00:00\",\"description\":\"\u202fLes diamants naturels, rares et pr\u00e9cieux, conservent leur \u00e9clat et leur valeur dans le temps. D\u00e9couvrez l\u2019excellence et l\u2019authenticit\u00e9 des pierres v\u00e9ritables.\",\"breadcrumb\":{\"@id\":\"https:\\\/\\\/lbdiamantaires.com\\\/fr\\\/diamants-naturels\\\/#breadcrumb\"},\"inLanguage\":\"fr-FR\",\"potentialAction\":[{\"@type\":\"ReadAction\",\"target\":[\"https:\\\/\\\/lbdiamantaires.com\\\/fr\\\/diamants-naturels\\\/\"]}]},{\"@type\":\"ImageObject\",\"inLanguage\":\"fr-FR\",\"@id\":\"https:\\\/\\\/lbdiamantaires.com\\\/fr\\\/diamants-naturels\\\/#primaryimage\",\"url\":\"https:\\\/\\\/lbdiamantaires.com\\\/wp-content\\\/uploads\\\/2026\\\/03\\\/laferriere-and-brixi-visuel-sceau-qualite-300x300.png\",\"contentUrl\":\"https:\\\/\\\/lbdiamantaires.com\\\/wp-content\\\/uploads\\\/2026\\\/03\\\/laferriere-and-brixi-visuel-sceau-qualite-300x300.png\"},{\"@type\":\"BreadcrumbList\",\"@id\":\"https:\\\/\\\/lbdiamantaires.com\\\/fr\\\/diamants-naturels\\\/#breadcrumb\",\"itemListElement\":[{\"@type\":\"ListItem\",\"position\":1,\"name\":\"Accueil\",\"item\":\"https:\\\/\\\/lbdiamantaires.com\\\/fr\\\/\"},{\"@type\":\"ListItem\",\"position\":2,\"name\":\"Diamants naturels\"}]},{\"@type\":\"WebSite\",\"@id\":\"https:\\\/\\\/lbdiamantaires.com\\\/fr\\\/#website\",\"url\":\"https:\\\/\\\/lbdiamantaires.com\\\/fr\\\/\",\"name\":\"LB Diamantaires\",\"description\":\"Laferri\u00e8re &amp; Brixi\u00a0Diamantaires sp\u00e9cialiste de vente et achat de diamants d&#039;exception et fabrication de bijoux\",\"publisher\":{\"@id\":\"https:\\\/\\\/lbdiamantaires.com\\\/fr\\\/#organization\"},\"alternateName\":\"Laferri\u00e8re & Brixi Diamantaires\",\"potentialAction\":[{\"@type\":\"SearchAction\",\"target\":{\"@type\":\"EntryPoint\",\"urlTemplate\":\"https:\\\/\\\/lbdiamantaires.com\\\/fr\\\/?s={search_term_string}\"},\"query-input\":{\"@type\":\"PropertyValueSpecification\",\"valueRequired\":true,\"valueName\":\"search_term_string\"}}],\"inLanguage\":\"fr-FR\"},{\"@type\":\"Organization\",\"@id\":\"https:\\\/\\\/lbdiamantaires.com\\\/fr\\\/#organization\",\"name\":\"LB Diamantaires\",\"alternateName\":\"Laferri\u00e8re & Brixi Diamantaires\",\"url\":\"https:\\\/\\\/lbdiamantaires.com\\\/fr\\\/\",\"logo\":{\"@type\":\"ImageObject\",\"inLanguage\":\"fr-FR\",\"@id\":\"https:\\\/\\\/lbdiamantaires.com\\\/fr\\\/#\\\/schema\\\/logo\\\/image\\\/\",\"url\":\"https:\\\/\\\/lbdiamantaires.com\\\/wp-content\\\/uploads\\\/2026\\\/04\\\/lb-diamantaires-SEO.png\",\"contentUrl\":\"https:\\\/\\\/lbdiamantaires.com\\\/wp-content\\\/uploads\\\/2026\\\/04\\\/lb-diamantaires-SEO.png\",\"width\":696,\"height\":696,\"caption\":\"LB Diamantaires\"},\"image\":{\"@id\":\"https:\\\/\\\/lbdiamantaires.com\\\/fr\\\/#\\\/schema\\\/logo\\\/image\\\/\"},\"sameAs\":[\"https:\\\/\\\/x.com\\\/laferrierebrixi\",\"https:\\\/\\\/www.linkedin.com\\\/in\\\/alexandrelaferriere\\\/\",\"https:\\\/\\\/www.pinterest.com\\\/laferrierebrixi\\\/\",\"https:\\\/\\\/www.instagram.com\\\/nadia.brixi_lb.diamantaires\"]}]}<\/script>\n<!-- \/ Yoast SEO plugin. -->","yoast_head_json":{"title":"Diamants naturels | LB Diamantaires","description":"\u202fLes diamants naturels, rares et pr\u00e9cieux, conservent leur \u00e9clat et leur valeur dans le temps. D\u00e9couvrez l\u2019excellence et l\u2019authenticit\u00e9 des pierres v\u00e9ritables.","robots":{"index":"index","follow":"follow","max-snippet":"max-snippet:-1","max-image-preview":"max-image-preview:large","max-video-preview":"max-video-preview:-1"},"canonical":"https:\/\/lbdiamantaires.com\/fr\/diamants-naturels\/","og_locale":"fr_FR","og_type":"article","og_title":"Diamants naturels | LB Diamantaires","og_description":"\u202fLes diamants naturels, rares et pr\u00e9cieux, conservent leur \u00e9clat et leur valeur dans le temps. D\u00e9couvrez l\u2019excellence et l\u2019authenticit\u00e9 des pierres v\u00e9ritables.","og_url":"https:\/\/lbdiamantaires.com\/fr\/diamants-naturels\/","og_site_name":"LB Diamantaires","article_modified_time":"2026-04-01T16:27:33+00:00","og_image":[{"url":"https:\/\/lbdiamantaires.com\/wp-content\/uploads\/2026\/03\/laferriere-and-brixi-visuel-sceau-qualite-300x300.png","type":"","width":"","height":""}],"twitter_card":"summary_large_image","twitter_site":"@laferrierebrixi","twitter_misc":{"Dur\u00e9e de lecture estim\u00e9e":"1 minute"},"schema":{"@context":"https:\/\/schema.org","@graph":[{"@type":"WebPage","@id":"https:\/\/lbdiamantaires.com\/fr\/diamants-naturels\/","url":"https:\/\/lbdiamantaires.com\/fr\/diamants-naturels\/","name":"Diamants naturels | LB Diamantaires","isPartOf":{"@id":"https:\/\/lbdiamantaires.com\/fr\/#website"},"primaryImageOfPage":{"@id":"https:\/\/lbdiamantaires.com\/fr\/diamants-naturels\/#primaryimage"},"image":{"@id":"https:\/\/lbdiamantaires.com\/fr\/diamants-naturels\/#primaryimage"},"thumbnailUrl":"https:\/\/lbdiamantaires.com\/wp-content\/uploads\/2026\/03\/laferriere-and-brixi-visuel-sceau-qualite-300x300.png","datePublished":"2026-03-25T17:44:52+00:00","dateModified":"2026-04-01T16:27:33+00:00","description":"\u202fLes diamants naturels, rares et pr\u00e9cieux, conservent leur \u00e9clat et leur valeur dans le temps. D\u00e9couvrez l\u2019excellence et l\u2019authenticit\u00e9 des pierres v\u00e9ritables.","breadcrumb":{"@id":"https:\/\/lbdiamantaires.com\/fr\/diamants-naturels\/#breadcrumb"},"inLanguage":"fr-FR","potentialAction":[{"@type":"ReadAction","target":["https:\/\/lbdiamantaires.com\/fr\/diamants-naturels\/"]}]},{"@type":"ImageObject","inLanguage":"fr-FR","@id":"https:\/\/lbdiamantaires.com\/fr\/diamants-naturels\/#primaryimage","url":"https:\/\/lbdiamantaires.com\/wp-content\/uploads\/2026\/03\/laferriere-and-brixi-visuel-sceau-qualite-300x300.png","contentUrl":"https:\/\/lbdiamantaires.com\/wp-content\/uploads\/2026\/03\/laferriere-and-brixi-visuel-sceau-qualite-300x300.png"},{"@type":"BreadcrumbList","@id":"https:\/\/lbdiamantaires.com\/fr\/diamants-naturels\/#breadcrumb","itemListElement":[{"@type":"ListItem","position":1,"name":"Accueil","item":"https:\/\/lbdiamantaires.com\/fr\/"},{"@type":"ListItem","position":2,"name":"Diamants naturels"}]},{"@type":"WebSite","@id":"https:\/\/lbdiamantaires.com\/fr\/#website","url":"https:\/\/lbdiamantaires.com\/fr\/","name":"LB Diamantaires","description":"Laferri\u00e8re &amp; Brixi\u00a0Diamantaires sp\u00e9cialiste de vente et achat de diamants d&#039;exception et fabrication de bijoux","publisher":{"@id":"https:\/\/lbdiamantaires.com\/fr\/#organization"},"alternateName":"Laferri\u00e8re & Brixi Diamantaires","potentialAction":[{"@type":"SearchAction","target":{"@type":"EntryPoint","urlTemplate":"https:\/\/lbdiamantaires.com\/fr\/?s={search_term_string}"},"query-input":{"@type":"PropertyValueSpecification","valueRequired":true,"valueName":"search_term_string"}}],"inLanguage":"fr-FR"},{"@type":"Organization","@id":"https:\/\/lbdiamantaires.com\/fr\/#organization","name":"LB Diamantaires","alternateName":"Laferri\u00e8re & Brixi Diamantaires","url":"https:\/\/lbdiamantaires.com\/fr\/","logo":{"@type":"ImageObject","inLanguage":"fr-FR","@id":"https:\/\/lbdiamantaires.com\/fr\/#\/schema\/logo\/image\/","url":"https:\/\/lbdiamantaires.com\/wp-content\/uploads\/2026\/04\/lb-diamantaires-SEO.png","contentUrl":"https:\/\/lbdiamantaires.com\/wp-content\/uploads\/2026\/04\/lb-diamantaires-SEO.png","width":696,"height":696,"caption":"LB Diamantaires"},"image":{"@id":"https:\/\/lbdiamantaires.com\/fr\/#\/schema\/logo\/image\/"},"sameAs":["https:\/\/x.com\/laferrierebrixi","https:\/\/www.linkedin.com\/in\/alexandrelaferriere\/","https:\/\/www.pinterest.com\/laferrierebrixi\/","https:\/\/www.instagram.com\/nadia.brixi_lb.diamantaires"]}]}},"_links":{"self":[{"href":"https:\/\/lbdiamantaires.com\/fr\/wp-json\/wp\/v2\/pages\/2045","targetHints":{"allow":["GET"]}}],"collection":[{"href":"https:\/\/lbdiamantaires.com\/fr\/wp-json\/wp\/v2\/pages"}],"about":[{"href":"https:\/\/lbdiamantaires.com\/fr\/wp-json\/wp\/v2\/types\/page"}],"author":[{"embeddable":true,"href":"https:\/\/lbdiamantaires.com\/fr\/wp-json\/wp\/v2\/users\/2"}],"replies":[{"embeddable":true,"href":"https:\/\/lbdiamantaires.com\/fr\/wp-json\/wp\/v2\/comments?post=2045"}],"version-history":[{"count":12,"href":"https:\/\/lbdiamantaires.com\/fr\/wp-json\/wp\/v2\/pages\/2045\/revisions"}],"predecessor-version":[{"id":4169,"href":"https:\/\/lbdiamantaires.com\/fr\/wp-json\/wp\/v2\/pages\/2045\/revisions\/4169"}],"wp:attachment":[{"href":"https:\/\/lbdiamantaires.com\/fr\/wp-json\/wp\/v2\/media?parent=2045"}],"curies":[{"name":"wp","href":"https:\/\/api.w.org\/{rel}","templated":true}]}}