{"id":2190,"date":"2026-03-25T19:19:41","date_gmt":"2026-03-25T19:19:41","guid":{"rendered":"https:\/\/lbdiamantaires.sandbox.8p-design.com\/?page_id=2190"},"modified":"2026-04-01T16:56:16","modified_gmt":"2026-04-01T16:56:16","slug":"fabrication-sur-mesure-details","status":"publish","type":"page","link":"https:\/\/lbdiamantaires.com\/fr\/fabrication-sur-mesure-details\/","title":{"rendered":"Fabrication sur mesure details"},"content":{"rendered":"\t\t<div data-elementor-type=\"wp-page\" data-elementor-id=\"2190\" class=\"elementor elementor-2190\" data-elementor-post-type=\"page\">\n\t\t\t\t<div class=\"elementor-element elementor-element-5250687 e-flex e-con-boxed e-con e-parent\" data-id=\"5250687\" data-element_type=\"container\" data-e-type=\"container\" data-settings=\"{&quot;background_background&quot;:&quot;classic&quot;}\">\n\t\t\t\t\t<div class=\"e-con-inner\">\n\t\t\t\t<div class=\"elementor-element elementor-element-bfbf163 elementor-widget elementor-widget-heading\" data-id=\"bfbf163\" data-element_type=\"widget\" data-e-type=\"widget\" data-widget_type=\"heading.default\">\n\t\t\t\t\t<h1 class=\"elementor-heading-title elementor-size-default\">Haute joaillerie sur mesure<\/h1>\t\t\t\t<\/div>\n\t\t\t\t<div class=\"elementor-element elementor-element-ee3382f elementor-widget elementor-widget-heading\" data-id=\"ee3382f\" data-element_type=\"widget\" data-e-type=\"widget\" data-widget_type=\"heading.default\">\n\t\t\t\t\t<h2 class=\"elementor-heading-title elementor-size-default\">BIJOUX EXCLUSIFS, SAVOIR-FAIRE EXCEPTIONNEL<\/h2>\t\t\t\t<\/div>\n\t\t\t\t\t<\/div>\n\t\t\t\t<\/div>\n\t\t<div class=\"elementor-element elementor-element-cdf1e71 e-flex e-con-boxed e-con e-parent\" data-id=\"cdf1e71\" data-element_type=\"container\" data-e-type=\"container\">\n\t\t\t\t\t<div class=\"e-con-inner\">\n\t\t<div class=\"elementor-element elementor-element-00f8412 e-con-full e-flex e-con e-child\" data-id=\"00f8412\" data-element_type=\"container\" data-e-type=\"container\">\n\t\t\t\t<div class=\"elementor-element elementor-element-a98c871 elementor-widget elementor-widget-heading\" data-id=\"a98c871\" data-element_type=\"widget\" data-e-type=\"widget\" data-widget_type=\"heading.default\">\n\t\t\t\t\t<h2 class=\"elementor-heading-title elementor-size-default\">Atelier Laferri\u00e8re &amp; Brixi, Montr\u00e9al<\/h2>\t\t\t\t<\/div>\n\t\t\t\t<div class=\"elementor-element elementor-element-6b484fd elementor-widget elementor-widget-text-editor\" data-id=\"6b484fd\" data-element_type=\"widget\" data-e-type=\"widget\" data-widget_type=\"text-editor.default\">\n\t\t\t\t\t\t\t\t\tEn tant que fabricant de bijoux haut de gamme, Laferriere &#038; Brixi propose un service sur mesure qui vous permet d\u2019associer votre diamant au design de votre choix, pour cr\u00e9er une pi\u00e8ce v\u00e9ritablement unique.\n\nDu croquis initial \u00e0 la pi\u00e8ce finale, vous participez aux moments cl\u00e9 de la cr\u00e9ation pour donner naissance \u00e0 votre bijou. Gr\u00e2ce \u00e0 la technologie 3D, nous vous soumettons un dessin de votre bijou. La haute joaillerie sur mesure est un art, nos artisans hautement qualifi\u00e9s fa\u00e7onnent ces superbes chefs-d\u2019\u0153uvre \u00e0 partir de dessins d\u2019une infinie pr\u00e9cision et emprunts d&rsquo;une formidable cr\u00e9ativit\u00e9.\n\nToutes nos cr\u00e9ations sur mesure sont con\u00e7ues pour capturer un maximum de lumi\u00e8re, garantissant ainsi l&rsquo;\u00e9clat exceptionnel de chaque diamant.\t\t\t\t\t\t\t\t<\/div>\n\t\t<div class=\"elementor-element elementor-element-eb3c26e e-con-full e-flex e-con e-child\" data-id=\"eb3c26e\" data-element_type=\"container\" data-e-type=\"container\">\n\t\t\t\t<div class=\"elementor-element elementor-element-fe15872 elementor-widget elementor-widget-image\" data-id=\"fe15872\" data-element_type=\"widget\" data-e-type=\"widget\" data-widget_type=\"image.default\">\n\t\t\t\t\t\t\t\t\t\t\t\t\t\t\t<img fetchpriority=\"high\" decoding=\"async\" width=\"1920\" height=\"635\" src=\"https:\/\/lbdiamantaires.com\/wp-content\/uploads\/2026\/03\/laferriere-and-brix-details-high-end-custom-jewelry.jpg\" class=\"attachment-full size-full wp-image-2777\" alt=\"Laferri\u00e8re &amp; Brix joaillerie sur mesure haut de gamme\" srcset=\"https:\/\/lbdiamantaires.com\/wp-content\/uploads\/2026\/03\/laferriere-and-brix-details-high-end-custom-jewelry.jpg 1920w, https:\/\/lbdiamantaires.com\/wp-content\/uploads\/2026\/03\/laferriere-and-brix-details-high-end-custom-jewelry-300x99.jpg 300w, https:\/\/lbdiamantaires.com\/wp-content\/uploads\/2026\/03\/laferriere-and-brix-details-high-end-custom-jewelry-1024x339.jpg 1024w, https:\/\/lbdiamantaires.com\/wp-content\/uploads\/2026\/03\/laferriere-and-brix-details-high-end-custom-jewelry-768x254.jpg 768w, https:\/\/lbdiamantaires.com\/wp-content\/uploads\/2026\/03\/laferriere-and-brix-details-high-end-custom-jewelry-1536x508.jpg 1536w\" sizes=\"(max-width: 1920px) 100vw, 1920px\" \/>\t\t\t\t\t\t\t\t\t\t\t\t\t\t\t<\/div>\n\t\t\t\t<\/div>\n\t\t\t\t<\/div>\n\t\t<div class=\"elementor-element elementor-element-d53f23c e-con-full e-flex e-con e-child\" data-id=\"d53f23c\" data-element_type=\"container\" data-e-type=\"container\">\n\t\t\t\t<div class=\"elementor-element elementor-element-19ced98 elementor-widget elementor-widget-heading\" data-id=\"19ced98\" data-element_type=\"widget\" data-e-type=\"widget\" data-widget_type=\"heading.default\">\n\t\t\t\t\t<h2 class=\"elementor-heading-title elementor-size-default\">Montres sur mesure<\/h2>\t\t\t\t<\/div>\n\t\t\t\t<div class=\"elementor-element elementor-element-b2f0e76 elementor-widget elementor-widget-text-editor\" data-id=\"b2f0e76\" data-element_type=\"widget\" data-e-type=\"widget\" data-widget_type=\"text-editor.default\">\n\t\t\t\t\t\t\t\t\t<p>Pour les passionn\u00e9s ou les collectionneurs d\u00e9sirant un produit exclusif, nous offrons un service unique de fabrication horlog\u00e8re sur mesure. Nous utilisons uniquement des mouvements m\u00e9caniques suisses de grande pr\u00e9cision ainsi que des pi\u00e8ces de la plus haute qualit\u00e9 pour r\u00e9aliser des objets les plus exceptionnels. Nous tirons nos mouvements et notre technique d\u2019un des plus grand fabricant de montres et de mouvements; la compagnie ETA Horlog\u00e8re suisse, experte depuis 1793.<\/p><p>Nos mouvements proviennent de la compagnie ETA Horlog\u00e8re suisse, l\u2019un des plus grands fabricants depuis 1793.<\/p><p>Nous assemblons nos montres dans notre atelier afin de s\u2019assurer de la qualit\u00e9 de fabrication et ainsi d&rsquo;offrir une garantie \u00e0 vie sur tous les mouvements.<\/p><p>Vous \u00eates invit\u00e9s \u00e0 personnaliser les montres que vous r\u00eaver de poss\u00e9der en y ajoutant des diamants sur le cadran ou le bo\u00eetier, une inscription personnalis\u00e9e \u00e0 m\u00eame le cadran, graver une inscription sur le bo\u00eetier, la boucle ou le m\u00e9canisme \u00e0 d\u00e9ploiement, choisir le bo\u00eetier ainsi que le bracelet.<\/p><p>Vous pouvez personnaliser la montre de vos r\u00eaves en ajoutant des diamants, faire une inscription personnalis\u00e9e ou opter pour un bo\u00eetier ou un bracelet en stainless steal ou en or massif.<\/p>\t\t\t\t\t\t\t\t<\/div>\n\t\t\t\t<\/div>\n\t\t\t\t<div class=\"elementor-element elementor-element-0faeba8 elementor-align-left elementor-widget elementor-widget-button\" data-id=\"0faeba8\" data-element_type=\"widget\" data-e-type=\"widget\" data-widget_type=\"button.default\">\n\t\t\t\t\t\t\t\t\t\t<a class=\"elementor-button elementor-button-link elementor-size-sm\" href=\"https:\/\/lbdiamantaires.com\/fr\/fabrication-sur-mesure\/\">\n\t\t\t\t\t\t<span class=\"elementor-button-content-wrapper\">\n\t\t\t\t\t\t<span class=\"elementor-button-icon\">\n\t\t\t\t<i aria-hidden=\"true\" class=\"phl phlight-arrow-left\"><\/i>\t\t\t<\/span>\n\t\t\t\t\t\t\t\t\t<span class=\"elementor-button-text\">Retour<\/span>\n\t\t\t\t\t<\/span>\n\t\t\t\t\t<\/a>\n\t\t\t\t\t\t\t\t<\/div>\n\t\t\t\t\t<\/div>\n\t\t\t\t<\/div>\n\t\t\t\t<\/div>\n\t\t","protected":false},"excerpt":{"rendered":"<p>Haute joaillerie sur mesure BIJOUX EXCLUSIFS, SAVOIR-FAIRE EXCEPTIONNEL Atelier Laferri\u00e8re &amp; Brixi, Montr\u00e9al En tant que fabricant de bijoux haut de gamme, Laferriere &#038; Brixi propose un service sur mesure qui vous permet d\u2019associer votre diamant au design de votre choix, pour cr\u00e9er une pi\u00e8ce v\u00e9ritablement unique. Du croquis initial \u00e0 la pi\u00e8ce finale, vous [&hellip;]<\/p>\n","protected":false},"author":2,"featured_media":0,"parent":0,"menu_order":0,"comment_status":"closed","ping_status":"closed","template":"","meta":{"footnotes":""},"class_list":["post-2190","page","type-page","status-publish","hentry"],"yoast_head":"<!-- This site is optimized with the Yoast SEO plugin v27.2 - https:\/\/yoast.com\/product\/yoast-seo-wordpress\/ -->\n<title>Cr\u00e9ation et Farbication de Bijoux Sur Mesure | LB Diamantaires<\/title>\n<meta name=\"description\" content=\"En tant que fabricant de bijoux, LB Diamantaires propose un service sur mesure exceptionnel li\u00e9 \u00e0 la haute joaillerie. Prenez rendez-vous!\" \/>\n<meta name=\"robots\" content=\"index, follow, max-snippet:-1, max-image-preview:large, max-video-preview:-1\" \/>\n<link rel=\"canonical\" href=\"https:\/\/lbdiamantaires.com\/fr\/fabrication-sur-mesure-details\/\" \/>\n<meta property=\"og:locale\" content=\"fr_FR\" \/>\n<meta property=\"og:type\" content=\"article\" \/>\n<meta property=\"og:title\" content=\"Cr\u00e9ation et Farbication de Bijoux Sur Mesure | LB Diamantaires\" \/>\n<meta property=\"og:description\" content=\"En tant que fabricant de bijoux, LB Diamantaires propose un service sur mesure exceptionnel li\u00e9 \u00e0 la haute joaillerie. Prenez rendez-vous!\" \/>\n<meta property=\"og:url\" content=\"https:\/\/lbdiamantaires.com\/fr\/fabrication-sur-mesure-details\/\" \/>\n<meta property=\"og:site_name\" content=\"LB Diamantaires\" \/>\n<meta property=\"article:modified_time\" content=\"2026-04-01T16:56:16+00:00\" \/>\n<meta property=\"og:image\" content=\"https:\/\/lbdiamantaires.comwp-content\/uploads\/2026\/03\/laferriere-and-brix-details-high-end-custom-jewelry.jpg\" \/>\n<meta name=\"twitter:card\" content=\"summary_large_image\" \/>\n<meta name=\"twitter:site\" content=\"@laferrierebrixi\" \/>\n<meta name=\"twitter:label1\" content=\"Dur\u00e9e de lecture estim\u00e9e\" \/>\n\t<meta name=\"twitter:data1\" content=\"2 minutes\" \/>\n<script type=\"application\/ld+json\" class=\"yoast-schema-graph\">{\"@context\":\"https:\/\/schema.org\",\"@graph\":[{\"@type\":\"WebPage\",\"@id\":\"https:\/\/lbdiamantaires.com\/fr\/fabrication-sur-mesure-details\/\",\"url\":\"https:\/\/lbdiamantaires.com\/fr\/fabrication-sur-mesure-details\/\",\"name\":\"Cr\u00e9ation et Farbication de Bijoux Sur Mesure | LB Diamantaires\",\"isPartOf\":{\"@id\":\"https:\/\/lbdiamantaires.com\/fr\/#website\"},\"primaryImageOfPage\":{\"@id\":\"https:\/\/lbdiamantaires.com\/fr\/fabrication-sur-mesure-details\/#primaryimage\"},\"image\":{\"@id\":\"https:\/\/lbdiamantaires.com\/fr\/fabrication-sur-mesure-details\/#primaryimage\"},\"thumbnailUrl\":\"https:\/\/lbdiamantaires.comwp-content\/uploads\/2026\/03\/laferriere-and-brix-details-high-end-custom-jewelry.jpg\",\"datePublished\":\"2026-03-25T19:19:41+00:00\",\"dateModified\":\"2026-04-01T16:56:16+00:00\",\"description\":\"En tant que fabricant de bijoux, LB Diamantaires propose un service sur mesure exceptionnel li\u00e9 \u00e0 la haute joaillerie. Prenez rendez-vous!\",\"breadcrumb\":{\"@id\":\"https:\/\/lbdiamantaires.com\/fr\/fabrication-sur-mesure-details\/#breadcrumb\"},\"inLanguage\":\"fr-FR\",\"potentialAction\":[{\"@type\":\"ReadAction\",\"target\":[\"https:\/\/lbdiamantaires.com\/fr\/fabrication-sur-mesure-details\/\"]}]},{\"@type\":\"ImageObject\",\"inLanguage\":\"fr-FR\",\"@id\":\"https:\/\/lbdiamantaires.com\/fr\/fabrication-sur-mesure-details\/#primaryimage\",\"url\":\"https:\/\/lbdiamantaires.comwp-content\/uploads\/2026\/03\/laferriere-and-brix-details-high-end-custom-jewelry.jpg\",\"contentUrl\":\"https:\/\/lbdiamantaires.comwp-content\/uploads\/2026\/03\/laferriere-and-brix-details-high-end-custom-jewelry.jpg\"},{\"@type\":\"BreadcrumbList\",\"@id\":\"https:\/\/lbdiamantaires.com\/fr\/fabrication-sur-mesure-details\/#breadcrumb\",\"itemListElement\":[{\"@type\":\"ListItem\",\"position\":1,\"name\":\"Accueil\",\"item\":\"https:\/\/lbdiamantaires.com\/fr\/\"},{\"@type\":\"ListItem\",\"position\":2,\"name\":\"Fabrication sur mesure details\"}]},{\"@type\":\"WebSite\",\"@id\":\"https:\/\/lbdiamantaires.com\/fr\/#website\",\"url\":\"https:\/\/lbdiamantaires.com\/fr\/\",\"name\":\"LB Diamantaires\",\"description\":\"Laferri\u00e8re &amp; Brixi\u00a0Diamantaires sp\u00e9cialiste de vente et achat de diamants d&#039;exception et fabrication de bijoux\",\"publisher\":{\"@id\":\"https:\/\/lbdiamantaires.com\/fr\/#organization\"},\"alternateName\":\"Laferri\u00e8re & Brixi Diamantaires\",\"potentialAction\":[{\"@type\":\"SearchAction\",\"target\":{\"@type\":\"EntryPoint\",\"urlTemplate\":\"https:\/\/lbdiamantaires.com\/fr\/?s={search_term_string}\"},\"query-input\":{\"@type\":\"PropertyValueSpecification\",\"valueRequired\":true,\"valueName\":\"search_term_string\"}}],\"inLanguage\":\"fr-FR\"},{\"@type\":\"Organization\",\"@id\":\"https:\/\/lbdiamantaires.com\/fr\/#organization\",\"name\":\"LB Diamantaires\",\"alternateName\":\"Laferri\u00e8re & Brixi Diamantaires\",\"url\":\"https:\/\/lbdiamantaires.com\/fr\/\",\"logo\":{\"@type\":\"ImageObject\",\"inLanguage\":\"fr-FR\",\"@id\":\"https:\/\/lbdiamantaires.com\/fr\/#\/schema\/logo\/image\/\",\"url\":\"https:\/\/lbdiamantaires.com\/wp-content\/uploads\/2026\/04\/lb-diamantaires-SEO.png\",\"contentUrl\":\"https:\/\/lbdiamantaires.com\/wp-content\/uploads\/2026\/04\/lb-diamantaires-SEO.png\",\"width\":696,\"height\":696,\"caption\":\"LB Diamantaires\"},\"image\":{\"@id\":\"https:\/\/lbdiamantaires.com\/fr\/#\/schema\/logo\/image\/\"},\"sameAs\":[\"https:\/\/x.com\/laferrierebrixi\",\"https:\/\/www.linkedin.com\/in\/alexandrelaferriere\/\",\"https:\/\/www.pinterest.com\/laferrierebrixi\/\",\"https:\/\/www.instagram.com\/nadia.brixi_lb.diamantaires\"]}]}<\/script>\n<!-- \/ Yoast SEO plugin. -->","yoast_head_json":{"title":"Cr\u00e9ation et Farbication de Bijoux Sur Mesure | LB Diamantaires","description":"En tant que fabricant de bijoux, LB Diamantaires propose un service sur mesure exceptionnel li\u00e9 \u00e0 la haute joaillerie. Prenez rendez-vous!","robots":{"index":"index","follow":"follow","max-snippet":"max-snippet:-1","max-image-preview":"max-image-preview:large","max-video-preview":"max-video-preview:-1"},"canonical":"https:\/\/lbdiamantaires.com\/fr\/fabrication-sur-mesure-details\/","og_locale":"fr_FR","og_type":"article","og_title":"Cr\u00e9ation et Farbication de Bijoux Sur Mesure | LB Diamantaires","og_description":"En tant que fabricant de bijoux, LB Diamantaires propose un service sur mesure exceptionnel li\u00e9 \u00e0 la haute joaillerie. Prenez rendez-vous!","og_url":"https:\/\/lbdiamantaires.com\/fr\/fabrication-sur-mesure-details\/","og_site_name":"LB Diamantaires","article_modified_time":"2026-04-01T16:56:16+00:00","og_image":[{"url":"https:\/\/lbdiamantaires.comwp-content\/uploads\/2026\/03\/laferriere-and-brix-details-high-end-custom-jewelry.jpg","type":"","width":"","height":""}],"twitter_card":"summary_large_image","twitter_site":"@laferrierebrixi","twitter_misc":{"Dur\u00e9e de lecture estim\u00e9e":"2 minutes"},"schema":{"@context":"https:\/\/schema.org","@graph":[{"@type":"WebPage","@id":"https:\/\/lbdiamantaires.com\/fr\/fabrication-sur-mesure-details\/","url":"https:\/\/lbdiamantaires.com\/fr\/fabrication-sur-mesure-details\/","name":"Cr\u00e9ation et Farbication de Bijoux Sur Mesure | LB Diamantaires","isPartOf":{"@id":"https:\/\/lbdiamantaires.com\/fr\/#website"},"primaryImageOfPage":{"@id":"https:\/\/lbdiamantaires.com\/fr\/fabrication-sur-mesure-details\/#primaryimage"},"image":{"@id":"https:\/\/lbdiamantaires.com\/fr\/fabrication-sur-mesure-details\/#primaryimage"},"thumbnailUrl":"https:\/\/lbdiamantaires.comwp-content\/uploads\/2026\/03\/laferriere-and-brix-details-high-end-custom-jewelry.jpg","datePublished":"2026-03-25T19:19:41+00:00","dateModified":"2026-04-01T16:56:16+00:00","description":"En tant que fabricant de bijoux, LB Diamantaires propose un service sur mesure exceptionnel li\u00e9 \u00e0 la haute joaillerie. Prenez rendez-vous!","breadcrumb":{"@id":"https:\/\/lbdiamantaires.com\/fr\/fabrication-sur-mesure-details\/#breadcrumb"},"inLanguage":"fr-FR","potentialAction":[{"@type":"ReadAction","target":["https:\/\/lbdiamantaires.com\/fr\/fabrication-sur-mesure-details\/"]}]},{"@type":"ImageObject","inLanguage":"fr-FR","@id":"https:\/\/lbdiamantaires.com\/fr\/fabrication-sur-mesure-details\/#primaryimage","url":"https:\/\/lbdiamantaires.comwp-content\/uploads\/2026\/03\/laferriere-and-brix-details-high-end-custom-jewelry.jpg","contentUrl":"https:\/\/lbdiamantaires.comwp-content\/uploads\/2026\/03\/laferriere-and-brix-details-high-end-custom-jewelry.jpg"},{"@type":"BreadcrumbList","@id":"https:\/\/lbdiamantaires.com\/fr\/fabrication-sur-mesure-details\/#breadcrumb","itemListElement":[{"@type":"ListItem","position":1,"name":"Accueil","item":"https:\/\/lbdiamantaires.com\/fr\/"},{"@type":"ListItem","position":2,"name":"Fabrication sur mesure details"}]},{"@type":"WebSite","@id":"https:\/\/lbdiamantaires.com\/fr\/#website","url":"https:\/\/lbdiamantaires.com\/fr\/","name":"LB Diamantaires","description":"Laferri\u00e8re &amp; Brixi\u00a0Diamantaires sp\u00e9cialiste de vente et achat de diamants d&#039;exception et fabrication de bijoux","publisher":{"@id":"https:\/\/lbdiamantaires.com\/fr\/#organization"},"alternateName":"Laferri\u00e8re & Brixi Diamantaires","potentialAction":[{"@type":"SearchAction","target":{"@type":"EntryPoint","urlTemplate":"https:\/\/lbdiamantaires.com\/fr\/?s={search_term_string}"},"query-input":{"@type":"PropertyValueSpecification","valueRequired":true,"valueName":"search_term_string"}}],"inLanguage":"fr-FR"},{"@type":"Organization","@id":"https:\/\/lbdiamantaires.com\/fr\/#organization","name":"LB Diamantaires","alternateName":"Laferri\u00e8re & Brixi Diamantaires","url":"https:\/\/lbdiamantaires.com\/fr\/","logo":{"@type":"ImageObject","inLanguage":"fr-FR","@id":"https:\/\/lbdiamantaires.com\/fr\/#\/schema\/logo\/image\/","url":"https:\/\/lbdiamantaires.com\/wp-content\/uploads\/2026\/04\/lb-diamantaires-SEO.png","contentUrl":"https:\/\/lbdiamantaires.com\/wp-content\/uploads\/2026\/04\/lb-diamantaires-SEO.png","width":696,"height":696,"caption":"LB Diamantaires"},"image":{"@id":"https:\/\/lbdiamantaires.com\/fr\/#\/schema\/logo\/image\/"},"sameAs":["https:\/\/x.com\/laferrierebrixi","https:\/\/www.linkedin.com\/in\/alexandrelaferriere\/","https:\/\/www.pinterest.com\/laferrierebrixi\/","https:\/\/www.instagram.com\/nadia.brixi_lb.diamantaires"]}]}},"_links":{"self":[{"href":"https:\/\/lbdiamantaires.com\/fr\/wp-json\/wp\/v2\/pages\/2190","targetHints":{"allow":["GET"]}}],"collection":[{"href":"https:\/\/lbdiamantaires.com\/fr\/wp-json\/wp\/v2\/pages"}],"about":[{"href":"https:\/\/lbdiamantaires.com\/fr\/wp-json\/wp\/v2\/types\/page"}],"author":[{"embeddable":true,"href":"https:\/\/lbdiamantaires.com\/fr\/wp-json\/wp\/v2\/users\/2"}],"replies":[{"embeddable":true,"href":"https:\/\/lbdiamantaires.com\/fr\/wp-json\/wp\/v2\/comments?post=2190"}],"version-history":[{"count":50,"href":"https:\/\/lbdiamantaires.com\/fr\/wp-json\/wp\/v2\/pages\/2190\/revisions"}],"predecessor-version":[{"id":3369,"href":"https:\/\/lbdiamantaires.com\/fr\/wp-json\/wp\/v2\/pages\/2190\/revisions\/3369"}],"wp:attachment":[{"href":"https:\/\/lbdiamantaires.com\/fr\/wp-json\/wp\/v2\/media?parent=2190"}],"curies":[{"name":"wp","href":"https:\/\/api.w.org\/{rel}","templated":true}]}}