{"id":2310,"date":"2026-03-25T19:53:23","date_gmt":"2026-03-25T19:53:23","guid":{"rendered":"https:\/\/lbdiamantaires.sandbox.8p-design.com\/?page_id=2310"},"modified":"2026-04-01T14:43:17","modified_gmt":"2026-04-01T14:43:17","slug":"investissement","status":"publish","type":"page","link":"https:\/\/lbdiamantaires.com\/fr\/investissement\/","title":{"rendered":"investissement"},"content":{"rendered":"\t\t<div data-elementor-type=\"wp-page\" data-elementor-id=\"2310\" class=\"elementor elementor-2310\" data-elementor-post-type=\"page\">\n\t\t\t\t<div class=\"elementor-element elementor-element-03af23e e-flex e-con-boxed e-con e-parent\" data-id=\"03af23e\" data-element_type=\"container\" data-e-type=\"container\" data-settings=\"{&quot;background_background&quot;:&quot;classic&quot;}\">\n\t\t\t\t\t<div class=\"e-con-inner\">\n\t\t\t\t<div class=\"elementor-element elementor-element-0ad28cc elementor-widget elementor-widget-heading\" data-id=\"0ad28cc\" data-element_type=\"widget\" data-e-type=\"widget\" data-widget_type=\"heading.default\">\n\t\t\t\t\t<h1 class=\"elementor-heading-title elementor-size-default\">Diamants d'investissement<\/h1>\t\t\t\t<\/div>\n\t\t\t\t\t<\/div>\n\t\t\t\t<\/div>\n\t\t<div class=\"elementor-element elementor-element-232680d e-flex e-con-boxed e-con e-parent\" data-id=\"232680d\" data-element_type=\"container\" data-e-type=\"container\">\n\t\t\t\t\t<div class=\"e-con-inner\">\n\t\t<div class=\"elementor-element elementor-element-0636273 e-con-full e-flex e-con e-child\" data-id=\"0636273\" data-element_type=\"container\" data-e-type=\"container\">\n\t\t\t\t<div class=\"elementor-element elementor-element-6c503ae elementor-widget elementor-widget-text-editor\" data-id=\"6c503ae\" data-element_type=\"widget\" data-e-type=\"widget\" data-widget_type=\"text-editor.default\">\n\t\t\t\t\t\t\t\t\tDepuis des si\u00e8cles, les diamants ont toujours \u00e9t\u00e9 consid\u00e9r\u00e9s comme une valeur refuge assurant une protection contre l\u2019inflation. Les diamants naturels conservent une valeur dans le temps et cela m\u00eame en p\u00e9riode d\u2019incertitude \u00e9conomique.\t\t\t\t\t\t\t\t<\/div>\n\t\t\t\t<\/div>\n\t\t<div class=\"elementor-element elementor-element-caa13ab e-con-full e-flex e-con e-child\" data-id=\"caa13ab\" data-element_type=\"container\" data-e-type=\"container\">\n\t\t\t\t<div class=\"elementor-element elementor-element-090d4b9 elementor-widget elementor-widget-heading\" data-id=\"090d4b9\" data-element_type=\"widget\" data-e-type=\"widget\" data-widget_type=\"heading.default\">\n\t\t\t\t\t<h2 class=\"elementor-heading-title elementor-size-default\">D\u00e9marrer ou compl\u00e9ter une collection<\/h2>\t\t\t\t<\/div>\n\t\t\t\t<div class=\"elementor-element elementor-element-40db02a elementor-widget elementor-widget-text-editor\" data-id=\"40db02a\" data-element_type=\"widget\" data-e-type=\"widget\" data-widget_type=\"text-editor.default\">\n\t\t\t\t\t\t\t\t\t<p>Les diamants peuvent constituer une forme alternative d&rsquo;investissement comme peuvent l\u2019\u00eatre les voitures de collection, les vins rares ou certaines collections d\u2019\u0153uvres d&rsquo;arts. L&rsquo;appr\u00e9ciation de valeur \u00e0 long terme des diamants d&rsquo;investissement d\u00e9coule de leur raret\u00e9 et de l&rsquo;augmentation constante de la demande sur l&rsquo;offre disponible. Les perspectives macro-\u00e9conomiques du diamant sont tr\u00e8s positives : aucun nouveau gisement est connu ce qui limite l&rsquo;offre et parall\u00e8lement la demande provenant des march\u00e9s \u00e9mergents augmente sans cesse. Toutefois, investir dans les diamants comporte de nombreuses contraintes.<\/p><p>En premier lieu, les diamants viennent dans une multitude de tailles, couleurs et de qualit\u00e9 diverses. Comme il ne s&rsquo;agit pas d&rsquo;une commodit\u00e9 homog\u00e8ne, il ne peut pas y avoir de prix au comptant (comme pour l&rsquo;Or par exemple) ce qui rend les diamants relativement non-liquides.<\/p><p>Cela \u00e9tant dit, les diamants d&rsquo;investissement sont un actif tangible qui offre des b\u00e9n\u00e9fices \u00e9vident \u00e0 leurs propri\u00e9taires : il s&rsquo;agit de la forme la plus concentr\u00e9 de richesse qui peut \u00eatre facilement transport\u00e9e en cas d&rsquo;urgence, les diamants peuvent \u00eatre vendus et achet\u00e9s partout \u00e0 travers le monde et les prix sont stables. En plus d\u2019offrir une bonne couverture contre l&rsquo;inflation, les diamants ont une faible corr\u00e9lation avec d&rsquo;autres formes d&rsquo;investissements. Lorsque les actifs papiers sont per\u00e7us comme \u00e9tant plus fragiles, les diamants peuvent repr\u00e9senter une forme int\u00e9ressante de pr\u00e9server sa richesse.<\/p>\t\t\t\t\t\t\t\t<\/div>\n\t\t\t\t<\/div>\n\t\t<div class=\"elementor-element elementor-element-bef5b47 e-con-full e-flex e-con e-child\" data-id=\"bef5b47\" data-element_type=\"container\" data-e-type=\"container\">\n\t\t\t\t<div class=\"elementor-element elementor-element-56401f9 elementor-widget elementor-widget-heading\" data-id=\"56401f9\" data-element_type=\"widget\" data-e-type=\"widget\" data-widget_type=\"heading.default\">\n\t\t\t\t\t<h2 class=\"elementor-heading-title elementor-size-default\">Diversifier votre portefeuille avec un fond de diamants<\/h2>\t\t\t\t<\/div>\n\t\t\t\t<div class=\"elementor-element elementor-element-c3f6384 elementor-widget elementor-widget-text-editor\" data-id=\"c3f6384\" data-element_type=\"widget\" data-e-type=\"widget\" data-widget_type=\"text-editor.default\">\n\t\t\t\t\t\t\t\t\tLaferri\u00e8re &#038; Brixi conseille ses clients sur le diamant d&rsquo;investissement depuis plus de 20 ans. Les pierres peuvent \u00eatre achet\u00e9es \u00e0 m\u00eame notre inventaire ou selon une liste de crit\u00e8res sp\u00e9cifiques pr\u00e9\u00e9tablie. Provenant de n\u00e9gociants, manufacturiers et collectionneurs priv\u00e9s, les diamants sont choisis selon leur raret\u00e9, qualit\u00e9, prix et potentiel d&rsquo;augmentation de valeur.\t\t\t\t\t\t\t\t<\/div>\n\t\t<div class=\"elementor-element elementor-element-dddedbf table-container e-con-full e-flex e-con e-child\" data-id=\"dddedbf\" data-element_type=\"container\" data-e-type=\"container\">\n\t\t\t\t<div class=\"elementor-element elementor-element-1f7bf9a elementor-widget elementor-widget-html\" data-id=\"1f7bf9a\" data-element_type=\"widget\" data-e-type=\"widget\" data-widget_type=\"html.default\">\n\t\t\t\t\t<script>\ndocument.addEventListener(\"DOMContentLoaded\", function() {\n    function equalizeHeights() {\n        const parent = document.querySelector('.table-container');\n        if (!parent) return;\n\n        const children = parent.querySelectorAll('.table-title');\n        if (children.length < 2) return;\n\n        \/\/ Si \u00e9cran < 768px, remettre hauteur auto et sortir\n        if (window.innerWidth < 768) {\n            children.forEach(el => el.style.height = 'auto');\n            return;\n        }\n\n        \/\/ R\u00e9initialiser la hauteur pour recalculer correctement\n        children.forEach(el => el.style.height = 'auto');\n\n        \/\/ Trouver la hauteur maximale\n        let maxHeight = 0;\n        children.forEach(el => {\n            if (el.offsetHeight > maxHeight) maxHeight = el.offsetHeight;\n        });\n\n        \/\/ Appliquer la hauteur maximale \u00e0 toutes les div\n        children.forEach(el => el.style.height = maxHeight + 'px');\n    }\n\n    \/\/ Ex\u00e9cuter au chargement\n    equalizeHeights();\n\n    \/\/ Ex\u00e9cuter au resize\n    window.addEventListener('resize', equalizeHeights);\n});\n<\/script>\t\t\t\t<\/div>\n\t\t<div class=\"elementor-element elementor-element-32ed621 e-con-full e-flex e-con e-child\" data-id=\"32ed621\" data-element_type=\"container\" data-e-type=\"container\">\n\t\t<div class=\"elementor-element elementor-element-b0c16ab e-con-full table-title e-flex e-con e-child\" data-id=\"b0c16ab\" data-element_type=\"container\" data-e-type=\"container\">\n\t\t\t\t<div class=\"elementor-element elementor-element-9f85d3c elementor-widget elementor-widget-heading\" data-id=\"9f85d3c\" data-element_type=\"widget\" data-e-type=\"widget\" data-widget_type=\"heading.default\">\n\t\t\t\t\t<h3 class=\"elementor-heading-title elementor-size-default\">Principaux avantages<\/h3>\t\t\t\t<\/div>\n\t\t\t\t<\/div>\n\t\t<div class=\"elementor-element elementor-element-67b5c71 e-con-full e-flex e-con e-child\" data-id=\"67b5c71\" data-element_type=\"container\" data-e-type=\"container\">\n\t\t\t\t<div class=\"elementor-element elementor-element-dfd4f22 elementor-widget elementor-widget-text-editor\" data-id=\"dfd4f22\" data-element_type=\"widget\" data-e-type=\"widget\" data-widget_type=\"text-editor.default\">\n\t\t\t\t\t\t\t\t\t<p>Forme de richesse la plus concentr\u00e9e<br \/>Prix stables avec perspectives macro-\u00e9conomique positives<br \/>Faible corr\u00e9lation avec d\u2019autres investissements<br \/>Bonne couverture contre l&rsquo;inflation<br \/>Propri\u00e9taire direct avec frais d&rsquo;entretien faible<\/p>\t\t\t\t\t\t\t\t<\/div>\n\t\t\t\t<\/div>\n\t\t\t\t<\/div>\n\t\t<div class=\"elementor-element elementor-element-6553d59 e-con-full e-flex e-con e-child\" data-id=\"6553d59\" data-element_type=\"container\" data-e-type=\"container\">\n\t\t<div class=\"elementor-element elementor-element-bced206 e-con-full table-title e-flex e-con e-child\" data-id=\"bced206\" data-element_type=\"container\" data-e-type=\"container\">\n\t\t\t\t<div class=\"elementor-element elementor-element-5bf39be elementor-widget elementor-widget-heading\" data-id=\"5bf39be\" data-element_type=\"widget\" data-e-type=\"widget\" data-widget_type=\"heading.default\">\n\t\t\t\t\t<h3 class=\"elementor-heading-title elementor-size-default\">Principaux inconv\u00e9nients<\/h3>\t\t\t\t<\/div>\n\t\t\t\t<\/div>\n\t\t<div class=\"elementor-element elementor-element-e57f1d7 e-con-full e-flex e-con e-child\" data-id=\"e57f1d7\" data-element_type=\"container\" data-e-type=\"container\">\n\t\t\t\t<div class=\"elementor-element elementor-element-5aefa59 elementor-widget elementor-widget-text-editor\" data-id=\"5aefa59\" data-element_type=\"widget\" data-e-type=\"widget\" data-widget_type=\"text-editor.default\">\n\t\t\t\t\t\t\t\t\t<p>Investissement non-liquide sans prix spot et march\u00e9 au comptant<br \/>Faible transparence au niveau des prix<br \/>Ne procure aucun revenu, le profit \u00e9tant r\u00e9alis\u00e9 \u00e0 la vente.<\/p>\t\t\t\t\t\t\t\t<\/div>\n\t\t\t\t<\/div>\n\t\t\t\t<\/div>\n\t\t\t\t<\/div>\n\t\t<div class=\"elementor-element elementor-element-b998e43 e-con-full e-flex e-con e-child\" data-id=\"b998e43\" data-element_type=\"container\" data-e-type=\"container\">\n\t\t\t\t<div class=\"elementor-element elementor-element-283f1d6 elementor-widget elementor-widget-image\" data-id=\"283f1d6\" data-element_type=\"widget\" data-e-type=\"widget\" data-widget_type=\"image.default\">\n\t\t\t\t\t\t\t\t\t\t\t\t\t\t\t<img fetchpriority=\"high\" decoding=\"async\" width=\"1041\" height=\"344\" src=\"https:\/\/lbdiamantaires.com\/wp-content\/uploads\/2026\/03\/laferriere-and-brix-investment-in-diamonds.jpg\" class=\"attachment-full size-full wp-image-2913\" alt=\"Laferri\u00e8re &amp; Brix investment in diamonds\" srcset=\"https:\/\/lbdiamantaires.com\/wp-content\/uploads\/2026\/03\/laferriere-and-brix-investment-in-diamonds.jpg 1041w, https:\/\/lbdiamantaires.com\/wp-content\/uploads\/2026\/03\/laferriere-and-brix-investment-in-diamonds-300x99.jpg 300w, https:\/\/lbdiamantaires.com\/wp-content\/uploads\/2026\/03\/laferriere-and-brix-investment-in-diamonds-1024x338.jpg 1024w, https:\/\/lbdiamantaires.com\/wp-content\/uploads\/2026\/03\/laferriere-and-brix-investment-in-diamonds-768x254.jpg 768w\" sizes=\"(max-width: 1041px) 100vw, 1041px\" \/>\t\t\t\t\t\t\t\t\t\t\t\t\t\t\t<\/div>\n\t\t\t\t<\/div>\n\t\t\t\t<\/div>\n\t\t\t\t<div class=\"elementor-element elementor-element-573c78f elementor-align-left elementor-widget elementor-widget-button\" data-id=\"573c78f\" data-element_type=\"widget\" data-e-type=\"widget\" data-widget_type=\"button.default\">\n\t\t\t\t\t\t\t\t\t\t<a class=\"elementor-button elementor-button-link elementor-size-sm\" href=\"https:\/\/lbdiamantaires.com\/fr\/achat-de-diamant\/\">\n\t\t\t\t\t\t<span class=\"elementor-button-content-wrapper\">\n\t\t\t\t\t\t<span class=\"elementor-button-icon\">\n\t\t\t\t<i aria-hidden=\"true\" class=\"phl phlight-arrow-left\"><\/i>\t\t\t<\/span>\n\t\t\t\t\t\t\t\t\t<span class=\"elementor-button-text\">Retour<\/span>\n\t\t\t\t\t<\/span>\n\t\t\t\t\t<\/a>\n\t\t\t\t\t\t\t\t<\/div>\n\t\t\t\t\t<\/div>\n\t\t\t\t<\/div>\n\t\t\t\t<\/div>\n\t\t","protected":false},"excerpt":{"rendered":"<p>Diamants d&rsquo;investissement Depuis des si\u00e8cles, les diamants ont toujours \u00e9t\u00e9 consid\u00e9r\u00e9s comme une valeur refuge assurant une protection contre l\u2019inflation. Les diamants naturels conservent une valeur dans le temps et cela m\u00eame en p\u00e9riode d\u2019incertitude \u00e9conomique. D\u00e9marrer ou compl\u00e9ter une collection Les diamants peuvent constituer une forme alternative d&rsquo;investissement comme peuvent l\u2019\u00eatre les voitures de [&hellip;]<\/p>\n","protected":false},"author":2,"featured_media":0,"parent":0,"menu_order":0,"comment_status":"closed","ping_status":"closed","template":"","meta":{"footnotes":""},"class_list":["post-2310","page","type-page","status-publish","hentry"],"yoast_head":"<!-- This site is optimized with the Yoast SEO plugin v27.2 - https:\/\/yoast.com\/product\/yoast-seo-wordpress\/ -->\n<title>Diamants d&#039;investissement - Investir dans le diamant | LB Diamantaires<\/title>\n<meta name=\"description\" content=\"Laissez-nous vous guider dans l&#039;achat de diamants d&#039;investissement pour lesquels la valeur \u00e0 long terme d\u00e9coule de la raret\u00e9 et la demande.\" \/>\n<meta name=\"robots\" content=\"index, follow, max-snippet:-1, max-image-preview:large, max-video-preview:-1\" \/>\n<link rel=\"canonical\" href=\"https:\/\/lbdiamantaires.com\/fr\/investissement\/\" \/>\n<meta property=\"og:locale\" content=\"fr_FR\" \/>\n<meta property=\"og:type\" content=\"article\" \/>\n<meta property=\"og:title\" content=\"Diamants d&#039;investissement - Investir dans le diamant | LB Diamantaires\" \/>\n<meta property=\"og:description\" content=\"Laissez-nous vous guider dans l&#039;achat de diamants d&#039;investissement pour lesquels la valeur \u00e0 long terme d\u00e9coule de la raret\u00e9 et la demande.\" \/>\n<meta property=\"og:url\" content=\"https:\/\/lbdiamantaires.com\/fr\/investissement\/\" \/>\n<meta property=\"og:site_name\" content=\"LB Diamantaires\" \/>\n<meta property=\"article:modified_time\" content=\"2026-04-01T14:43:17+00:00\" \/>\n<meta property=\"og:image\" content=\"https:\/\/lbdiamantaires.comwp-content\/uploads\/2026\/03\/laferriere-and-brix-investment-in-diamonds.jpg\" \/>\n<meta name=\"twitter:card\" content=\"summary_large_image\" \/>\n<meta name=\"twitter:site\" content=\"@laferrierebrixi\" \/>\n<meta name=\"twitter:label1\" content=\"Dur\u00e9e de lecture estim\u00e9e\" \/>\n\t<meta name=\"twitter:data1\" content=\"3 minutes\" \/>\n<script type=\"application\/ld+json\" class=\"yoast-schema-graph\">{\"@context\":\"https:\/\/schema.org\",\"@graph\":[{\"@type\":\"WebPage\",\"@id\":\"https:\/\/lbdiamantaires.com\/fr\/investissement\/\",\"url\":\"https:\/\/lbdiamantaires.com\/fr\/investissement\/\",\"name\":\"Diamants d'investissement - Investir dans le diamant | LB Diamantaires\",\"isPartOf\":{\"@id\":\"https:\/\/lbdiamantaires.com\/fr\/#website\"},\"primaryImageOfPage\":{\"@id\":\"https:\/\/lbdiamantaires.com\/fr\/investissement\/#primaryimage\"},\"image\":{\"@id\":\"https:\/\/lbdiamantaires.com\/fr\/investissement\/#primaryimage\"},\"thumbnailUrl\":\"https:\/\/lbdiamantaires.comwp-content\/uploads\/2026\/03\/laferriere-and-brix-investment-in-diamonds.jpg\",\"datePublished\":\"2026-03-25T19:53:23+00:00\",\"dateModified\":\"2026-04-01T14:43:17+00:00\",\"description\":\"Laissez-nous vous guider dans l'achat de diamants d'investissement pour lesquels la valeur \u00e0 long terme d\u00e9coule de la raret\u00e9 et la demande.\",\"breadcrumb\":{\"@id\":\"https:\/\/lbdiamantaires.com\/fr\/investissement\/#breadcrumb\"},\"inLanguage\":\"fr-FR\",\"potentialAction\":[{\"@type\":\"ReadAction\",\"target\":[\"https:\/\/lbdiamantaires.com\/fr\/investissement\/\"]}]},{\"@type\":\"ImageObject\",\"inLanguage\":\"fr-FR\",\"@id\":\"https:\/\/lbdiamantaires.com\/fr\/investissement\/#primaryimage\",\"url\":\"https:\/\/lbdiamantaires.comwp-content\/uploads\/2026\/03\/laferriere-and-brix-investment-in-diamonds.jpg\",\"contentUrl\":\"https:\/\/lbdiamantaires.comwp-content\/uploads\/2026\/03\/laferriere-and-brix-investment-in-diamonds.jpg\"},{\"@type\":\"BreadcrumbList\",\"@id\":\"https:\/\/lbdiamantaires.com\/fr\/investissement\/#breadcrumb\",\"itemListElement\":[{\"@type\":\"ListItem\",\"position\":1,\"name\":\"Accueil\",\"item\":\"https:\/\/lbdiamantaires.com\/fr\/\"},{\"@type\":\"ListItem\",\"position\":2,\"name\":\"investissement\"}]},{\"@type\":\"WebSite\",\"@id\":\"https:\/\/lbdiamantaires.com\/fr\/#website\",\"url\":\"https:\/\/lbdiamantaires.com\/fr\/\",\"name\":\"LB Diamantaires\",\"description\":\"Laferri\u00e8re &amp; Brixi\u00a0Diamantaires sp\u00e9cialiste de vente et achat de diamants d&#039;exception et fabrication de bijoux\",\"publisher\":{\"@id\":\"https:\/\/lbdiamantaires.com\/fr\/#organization\"},\"alternateName\":\"Laferri\u00e8re & Brixi Diamantaires\",\"potentialAction\":[{\"@type\":\"SearchAction\",\"target\":{\"@type\":\"EntryPoint\",\"urlTemplate\":\"https:\/\/lbdiamantaires.com\/fr\/?s={search_term_string}\"},\"query-input\":{\"@type\":\"PropertyValueSpecification\",\"valueRequired\":true,\"valueName\":\"search_term_string\"}}],\"inLanguage\":\"fr-FR\"},{\"@type\":\"Organization\",\"@id\":\"https:\/\/lbdiamantaires.com\/fr\/#organization\",\"name\":\"LB Diamantaires\",\"alternateName\":\"Laferri\u00e8re & Brixi Diamantaires\",\"url\":\"https:\/\/lbdiamantaires.com\/fr\/\",\"logo\":{\"@type\":\"ImageObject\",\"inLanguage\":\"fr-FR\",\"@id\":\"https:\/\/lbdiamantaires.com\/fr\/#\/schema\/logo\/image\/\",\"url\":\"https:\/\/lbdiamantaires.com\/wp-content\/uploads\/2026\/04\/lb-diamantaires-SEO.png\",\"contentUrl\":\"https:\/\/lbdiamantaires.com\/wp-content\/uploads\/2026\/04\/lb-diamantaires-SEO.png\",\"width\":696,\"height\":696,\"caption\":\"LB Diamantaires\"},\"image\":{\"@id\":\"https:\/\/lbdiamantaires.com\/fr\/#\/schema\/logo\/image\/\"},\"sameAs\":[\"https:\/\/x.com\/laferrierebrixi\",\"https:\/\/www.linkedin.com\/in\/alexandrelaferriere\/\",\"https:\/\/www.pinterest.com\/laferrierebrixi\/\",\"https:\/\/www.instagram.com\/nadia.brixi_lb.diamantaires\"]}]}<\/script>\n<!-- \/ Yoast SEO plugin. -->","yoast_head_json":{"title":"Diamants d'investissement - Investir dans le diamant | LB Diamantaires","description":"Laissez-nous vous guider dans l'achat de diamants d'investissement pour lesquels la valeur \u00e0 long terme d\u00e9coule de la raret\u00e9 et la demande.","robots":{"index":"index","follow":"follow","max-snippet":"max-snippet:-1","max-image-preview":"max-image-preview:large","max-video-preview":"max-video-preview:-1"},"canonical":"https:\/\/lbdiamantaires.com\/fr\/investissement\/","og_locale":"fr_FR","og_type":"article","og_title":"Diamants d'investissement - Investir dans le diamant | LB Diamantaires","og_description":"Laissez-nous vous guider dans l'achat de diamants d'investissement pour lesquels la valeur \u00e0 long terme d\u00e9coule de la raret\u00e9 et la demande.","og_url":"https:\/\/lbdiamantaires.com\/fr\/investissement\/","og_site_name":"LB Diamantaires","article_modified_time":"2026-04-01T14:43:17+00:00","og_image":[{"url":"https:\/\/lbdiamantaires.comwp-content\/uploads\/2026\/03\/laferriere-and-brix-investment-in-diamonds.jpg","type":"","width":"","height":""}],"twitter_card":"summary_large_image","twitter_site":"@laferrierebrixi","twitter_misc":{"Dur\u00e9e de lecture estim\u00e9e":"3 minutes"},"schema":{"@context":"https:\/\/schema.org","@graph":[{"@type":"WebPage","@id":"https:\/\/lbdiamantaires.com\/fr\/investissement\/","url":"https:\/\/lbdiamantaires.com\/fr\/investissement\/","name":"Diamants d'investissement - Investir dans le diamant | LB Diamantaires","isPartOf":{"@id":"https:\/\/lbdiamantaires.com\/fr\/#website"},"primaryImageOfPage":{"@id":"https:\/\/lbdiamantaires.com\/fr\/investissement\/#primaryimage"},"image":{"@id":"https:\/\/lbdiamantaires.com\/fr\/investissement\/#primaryimage"},"thumbnailUrl":"https:\/\/lbdiamantaires.comwp-content\/uploads\/2026\/03\/laferriere-and-brix-investment-in-diamonds.jpg","datePublished":"2026-03-25T19:53:23+00:00","dateModified":"2026-04-01T14:43:17+00:00","description":"Laissez-nous vous guider dans l'achat de diamants d'investissement pour lesquels la valeur \u00e0 long terme d\u00e9coule de la raret\u00e9 et la demande.","breadcrumb":{"@id":"https:\/\/lbdiamantaires.com\/fr\/investissement\/#breadcrumb"},"inLanguage":"fr-FR","potentialAction":[{"@type":"ReadAction","target":["https:\/\/lbdiamantaires.com\/fr\/investissement\/"]}]},{"@type":"ImageObject","inLanguage":"fr-FR","@id":"https:\/\/lbdiamantaires.com\/fr\/investissement\/#primaryimage","url":"https:\/\/lbdiamantaires.comwp-content\/uploads\/2026\/03\/laferriere-and-brix-investment-in-diamonds.jpg","contentUrl":"https:\/\/lbdiamantaires.comwp-content\/uploads\/2026\/03\/laferriere-and-brix-investment-in-diamonds.jpg"},{"@type":"BreadcrumbList","@id":"https:\/\/lbdiamantaires.com\/fr\/investissement\/#breadcrumb","itemListElement":[{"@type":"ListItem","position":1,"name":"Accueil","item":"https:\/\/lbdiamantaires.com\/fr\/"},{"@type":"ListItem","position":2,"name":"investissement"}]},{"@type":"WebSite","@id":"https:\/\/lbdiamantaires.com\/fr\/#website","url":"https:\/\/lbdiamantaires.com\/fr\/","name":"LB Diamantaires","description":"Laferri\u00e8re &amp; Brixi\u00a0Diamantaires sp\u00e9cialiste de vente et achat de diamants d&#039;exception et fabrication de bijoux","publisher":{"@id":"https:\/\/lbdiamantaires.com\/fr\/#organization"},"alternateName":"Laferri\u00e8re & Brixi Diamantaires","potentialAction":[{"@type":"SearchAction","target":{"@type":"EntryPoint","urlTemplate":"https:\/\/lbdiamantaires.com\/fr\/?s={search_term_string}"},"query-input":{"@type":"PropertyValueSpecification","valueRequired":true,"valueName":"search_term_string"}}],"inLanguage":"fr-FR"},{"@type":"Organization","@id":"https:\/\/lbdiamantaires.com\/fr\/#organization","name":"LB Diamantaires","alternateName":"Laferri\u00e8re & Brixi Diamantaires","url":"https:\/\/lbdiamantaires.com\/fr\/","logo":{"@type":"ImageObject","inLanguage":"fr-FR","@id":"https:\/\/lbdiamantaires.com\/fr\/#\/schema\/logo\/image\/","url":"https:\/\/lbdiamantaires.com\/wp-content\/uploads\/2026\/04\/lb-diamantaires-SEO.png","contentUrl":"https:\/\/lbdiamantaires.com\/wp-content\/uploads\/2026\/04\/lb-diamantaires-SEO.png","width":696,"height":696,"caption":"LB Diamantaires"},"image":{"@id":"https:\/\/lbdiamantaires.com\/fr\/#\/schema\/logo\/image\/"},"sameAs":["https:\/\/x.com\/laferrierebrixi","https:\/\/www.linkedin.com\/in\/alexandrelaferriere\/","https:\/\/www.pinterest.com\/laferrierebrixi\/","https:\/\/www.instagram.com\/nadia.brixi_lb.diamantaires"]}]}},"_links":{"self":[{"href":"https:\/\/lbdiamantaires.com\/fr\/wp-json\/wp\/v2\/pages\/2310","targetHints":{"allow":["GET"]}}],"collection":[{"href":"https:\/\/lbdiamantaires.com\/fr\/wp-json\/wp\/v2\/pages"}],"about":[{"href":"https:\/\/lbdiamantaires.com\/fr\/wp-json\/wp\/v2\/types\/page"}],"author":[{"embeddable":true,"href":"https:\/\/lbdiamantaires.com\/fr\/wp-json\/wp\/v2\/users\/2"}],"replies":[{"embeddable":true,"href":"https:\/\/lbdiamantaires.com\/fr\/wp-json\/wp\/v2\/comments?post=2310"}],"version-history":[{"count":15,"href":"https:\/\/lbdiamantaires.com\/fr\/wp-json\/wp\/v2\/pages\/2310\/revisions"}],"predecessor-version":[{"id":4074,"href":"https:\/\/lbdiamantaires.com\/fr\/wp-json\/wp\/v2\/pages\/2310\/revisions\/4074"}],"wp:attachment":[{"href":"https:\/\/lbdiamantaires.com\/fr\/wp-json\/wp\/v2\/media?parent=2310"}],"curies":[{"name":"wp","href":"https:\/\/api.w.org\/{rel}","templated":true}]}}