{"id":2341,"date":"2026-03-25T20:09:21","date_gmt":"2026-03-25T20:09:21","guid":{"rendered":"https:\/\/lbdiamantaires.sandbox.8p-design.com\/?page_id=2341"},"modified":"2026-04-01T14:36:58","modified_gmt":"2026-04-01T14:36:58","slug":"diamants-canadiens","status":"publish","type":"page","link":"https:\/\/lbdiamantaires.com\/fr\/diamants-canadiens\/","title":{"rendered":"Diamants canadiens"},"content":{"rendered":"\t\t<div data-elementor-type=\"wp-page\" data-elementor-id=\"2341\" class=\"elementor elementor-2341\" data-elementor-post-type=\"page\">\n\t\t\t\t<div class=\"elementor-element elementor-element-903fc3f e-flex e-con-boxed e-con e-parent\" data-id=\"903fc3f\" data-element_type=\"container\" data-e-type=\"container\">\n\t\t\t\t\t<div class=\"e-con-inner\">\n\t\t<div class=\"elementor-element elementor-element-00ebb57 e-con-full e-flex e-con e-child\" data-id=\"00ebb57\" data-element_type=\"container\" data-e-type=\"container\">\n\t\t<div class=\"elementor-element elementor-element-5790f64 e-con-full e-flex e-con e-child\" data-id=\"5790f64\" data-element_type=\"container\" data-e-type=\"container\">\n\t\t\t\t<div class=\"elementor-element elementor-element-e5c8e6e elementor-widget elementor-widget-heading\" data-id=\"e5c8e6e\" data-element_type=\"widget\" data-e-type=\"widget\" data-widget_type=\"heading.default\">\n\t\t\t\t\t<h1 class=\"elementor-heading-title elementor-size-default\">Diamants canadiens<\/h1>\t\t\t\t<\/div>\n\t\t\t\t<\/div>\n\t\t\t\t<div class=\"elementor-element elementor-element-34b34db elementor-widget elementor-widget-text-editor\" data-id=\"34b34db\" data-element_type=\"widget\" data-e-type=\"widget\" data-widget_type=\"text-editor.default\">\n\t\t\t\t\t\t\t\t\tLaferri\u00e8re &#038; Brixi est un fournisseur de diamants canadiens. Nous appliquons et respectons les r\u00e8gles \u00e9mises par le Code de Conduite sur les diamants canadiens. Tous les diamants certifi\u00e9s d\u2019origine canadienne que nous vendons sont assortis d\u2019un certificat d\u2019origine sur lequel sera mentionn\u00e9 le poids, le num\u00e9ro d\u2019identification du diamant et pour la plupart un num\u00e9ro sera inscrit au laser sur le rondiste du diamant.\t\t\t\t\t\t\t\t<\/div>\n\t\t<div class=\"elementor-element elementor-element-5f0b60d e-con-full e-flex e-con e-child\" data-id=\"5f0b60d\" data-element_type=\"container\" data-e-type=\"container\">\n\t\t\t\t<div class=\"elementor-element elementor-element-23b38a4 elementor-widget elementor-widget-heading\" data-id=\"23b38a4\" data-element_type=\"widget\" data-e-type=\"widget\" data-widget_type=\"heading.default\">\n\t\t\t\t\t<h2 class=\"elementor-heading-title elementor-size-default\">QUALIT\u00c9 ET INT\u00c9GRIT\u00c9<\/h2>\t\t\t\t<\/div>\n\t\t\t\t<div class=\"elementor-element elementor-element-3e58851 elementor-widget elementor-widget-text-editor\" data-id=\"3e58851\" data-element_type=\"widget\" data-e-type=\"widget\" data-widget_type=\"text-editor.default\">\n\t\t\t\t\t\t\t\t\t<ul><li>Certifi\u00e9 et tra\u00e7able depuis la mine<\/li><li>Min\u00e9 de mani\u00e8re \u00e9co-responsable<\/li><li>Garantie d\u2019origine sans conflit<\/li><li>Naturel et sans aucun traitement<\/li><\/ul>\t\t\t\t\t\t\t\t<\/div>\n\t\t\t\t<\/div>\n\t\t\t\t<div class=\"elementor-element elementor-element-f27b95a elementor-widget elementor-widget-text-editor\" data-id=\"f27b95a\" data-element_type=\"widget\" data-e-type=\"widget\" data-widget_type=\"text-editor.default\">\n\t\t\t\t\t\t\t\t\t<p>Les diamants canadiens sont convoit\u00e9s dans le monde \u00e0 cause de leurs nombreux attributs dont le fait qu\u2019ils sont extraits en respectant les standards environnementaux les plus \u00e9lev\u00e9s et selon le principe de d\u00e9veloppement durable. L\u2019industrie des diamants canadiens a apport\u00e9 plusieurs b\u00e9n\u00e9fices aux communaut\u00e9s nordiques ainsi qu\u2019une prosp\u00e9rit\u00e9 \u00e9conomique dans ces r\u00e9gions. \u00c9galement les diamants canadiens rencontrent les exigences du <a href=\"https:\/\/www.kimberleyprocess.com\/\" target=\"_blank\" rel=\"noopener\">Processus de Kimberley<\/a> pour la pr\u00e9vention des diamants de conflits.<\/p>\t\t\t\t\t\t\t\t<\/div>\n\t\t\t\t<\/div>\n\t\t<div class=\"elementor-element elementor-element-25f43cc e-con-full e-flex e-con e-child\" data-id=\"25f43cc\" data-element_type=\"container\" data-e-type=\"container\">\n\t\t\t\t<div class=\"elementor-element elementor-element-3fec59b elementor-widget elementor-widget-image\" data-id=\"3fec59b\" data-element_type=\"widget\" data-e-type=\"widget\" data-widget_type=\"image.default\">\n\t\t\t\t\t\t\t\t\t\t\t\t\t\t\t<img fetchpriority=\"high\" decoding=\"async\" width=\"800\" height=\"419\" src=\"https:\/\/lbdiamantaires.com\/wp-content\/uploads\/2026\/03\/laferriere-and-brixi-canadian-diamand-1024x536.jpg\" class=\"attachment-large size-large wp-image-871\" alt=\"Laferri\u00e8re &amp; Brixi Diamants Canadien\" srcset=\"https:\/\/lbdiamantaires.com\/wp-content\/uploads\/2026\/03\/laferriere-and-brixi-canadian-diamand-1024x536.jpg 1024w, https:\/\/lbdiamantaires.com\/wp-content\/uploads\/2026\/03\/laferriere-and-brixi-canadian-diamand-300x157.jpg 300w, https:\/\/lbdiamantaires.com\/wp-content\/uploads\/2026\/03\/laferriere-and-brixi-canadian-diamand-768x402.jpg 768w, https:\/\/lbdiamantaires.com\/wp-content\/uploads\/2026\/03\/laferriere-and-brixi-canadian-diamand.jpg 1200w\" sizes=\"(max-width: 800px) 100vw, 800px\" \/>\t\t\t\t\t\t\t\t\t\t\t\t\t\t\t<\/div>\n\t\t\t\t<\/div>\n\t\t\t\t\t<\/div>\n\t\t\t\t<\/div>\n\t\t\t\t<\/div>\n\t\t","protected":false},"excerpt":{"rendered":"<p>Diamants canadiens Laferri\u00e8re &#038; Brixi est un fournisseur de diamants canadiens. Nous appliquons et respectons les r\u00e8gles \u00e9mises par le Code de Conduite sur les diamants canadiens. Tous les diamants certifi\u00e9s d\u2019origine canadienne que nous vendons sont assortis d\u2019un certificat d\u2019origine sur lequel sera mentionn\u00e9 le poids, le num\u00e9ro d\u2019identification du diamant et pour la [&hellip;]<\/p>\n","protected":false},"author":2,"featured_media":0,"parent":0,"menu_order":0,"comment_status":"closed","ping_status":"closed","template":"","meta":{"footnotes":""},"class_list":["post-2341","page","type-page","status-publish","hentry"],"yoast_head":"<!-- This site is optimized with the Yoast SEO plugin v27.4 - https:\/\/yoast.com\/product\/yoast-seo-wordpress\/ -->\n<title>Diamants canadiens | LB Diamantaires<\/title>\n<meta name=\"description\" content=\"Diamants canadiens certifi\u00e9s, tra\u00e7ables et naturels, joaillerie sur mesure fabriqu\u00e9e \u00e0 Montr\u00e9al par LB Diamantaires.\" \/>\n<meta name=\"robots\" content=\"index, follow, max-snippet:-1, max-image-preview:large, max-video-preview:-1\" \/>\n<link rel=\"canonical\" href=\"https:\/\/lbdiamantaires.com\/fr\/diamants-canadiens\/\" \/>\n<meta property=\"og:locale\" content=\"fr_FR\" \/>\n<meta property=\"og:type\" content=\"article\" \/>\n<meta property=\"og:title\" content=\"Diamants canadiens | LB Diamantaires\" \/>\n<meta property=\"og:description\" content=\"Diamants canadiens certifi\u00e9s, tra\u00e7ables et naturels, joaillerie sur mesure fabriqu\u00e9e \u00e0 Montr\u00e9al par LB Diamantaires.\" \/>\n<meta property=\"og:url\" content=\"https:\/\/lbdiamantaires.com\/fr\/diamants-canadiens\/\" \/>\n<meta property=\"og:site_name\" content=\"LB Diamantaires\" \/>\n<meta property=\"article:modified_time\" content=\"2026-04-01T14:36:58+00:00\" \/>\n<meta property=\"og:image\" content=\"https:\/\/lbdiamantaires.com\/wp-content\/uploads\/2026\/03\/laferriere-and-brixi-canadian-diamand-1024x536.jpg\" \/>\n<meta name=\"twitter:card\" content=\"summary_large_image\" \/>\n<meta name=\"twitter:site\" content=\"@laferrierebrixi\" \/>\n<meta name=\"twitter:label1\" content=\"Dur\u00e9e de lecture estim\u00e9e\" \/>\n\t<meta name=\"twitter:data1\" content=\"2 minutes\" \/>\n<script type=\"application\/ld+json\" class=\"yoast-schema-graph\">{\"@context\":\"https:\\\/\\\/schema.org\",\"@graph\":[{\"@type\":\"WebPage\",\"@id\":\"https:\\\/\\\/lbdiamantaires.com\\\/fr\\\/diamants-canadiens\\\/\",\"url\":\"https:\\\/\\\/lbdiamantaires.com\\\/fr\\\/diamants-canadiens\\\/\",\"name\":\"Diamants canadiens | LB Diamantaires\",\"isPartOf\":{\"@id\":\"https:\\\/\\\/lbdiamantaires.com\\\/fr\\\/#website\"},\"primaryImageOfPage\":{\"@id\":\"https:\\\/\\\/lbdiamantaires.com\\\/fr\\\/diamants-canadiens\\\/#primaryimage\"},\"image\":{\"@id\":\"https:\\\/\\\/lbdiamantaires.com\\\/fr\\\/diamants-canadiens\\\/#primaryimage\"},\"thumbnailUrl\":\"https:\\\/\\\/lbdiamantaires.com\\\/wp-content\\\/uploads\\\/2026\\\/03\\\/laferriere-and-brixi-canadian-diamand-1024x536.jpg\",\"datePublished\":\"2026-03-25T20:09:21+00:00\",\"dateModified\":\"2026-04-01T14:36:58+00:00\",\"description\":\"Diamants canadiens certifi\u00e9s, tra\u00e7ables et naturels, joaillerie sur mesure fabriqu\u00e9e \u00e0 Montr\u00e9al par LB Diamantaires.\",\"breadcrumb\":{\"@id\":\"https:\\\/\\\/lbdiamantaires.com\\\/fr\\\/diamants-canadiens\\\/#breadcrumb\"},\"inLanguage\":\"fr-FR\",\"potentialAction\":[{\"@type\":\"ReadAction\",\"target\":[\"https:\\\/\\\/lbdiamantaires.com\\\/fr\\\/diamants-canadiens\\\/\"]}]},{\"@type\":\"ImageObject\",\"inLanguage\":\"fr-FR\",\"@id\":\"https:\\\/\\\/lbdiamantaires.com\\\/fr\\\/diamants-canadiens\\\/#primaryimage\",\"url\":\"https:\\\/\\\/lbdiamantaires.com\\\/wp-content\\\/uploads\\\/2026\\\/03\\\/laferriere-and-brixi-canadian-diamand-1024x536.jpg\",\"contentUrl\":\"https:\\\/\\\/lbdiamantaires.com\\\/wp-content\\\/uploads\\\/2026\\\/03\\\/laferriere-and-brixi-canadian-diamand-1024x536.jpg\"},{\"@type\":\"BreadcrumbList\",\"@id\":\"https:\\\/\\\/lbdiamantaires.com\\\/fr\\\/diamants-canadiens\\\/#breadcrumb\",\"itemListElement\":[{\"@type\":\"ListItem\",\"position\":1,\"name\":\"Accueil\",\"item\":\"https:\\\/\\\/lbdiamantaires.com\\\/fr\\\/\"},{\"@type\":\"ListItem\",\"position\":2,\"name\":\"Diamants canadiens\"}]},{\"@type\":\"WebSite\",\"@id\":\"https:\\\/\\\/lbdiamantaires.com\\\/fr\\\/#website\",\"url\":\"https:\\\/\\\/lbdiamantaires.com\\\/fr\\\/\",\"name\":\"LB Diamantaires\",\"description\":\"Laferri\u00e8re &amp; Brixi\u00a0Diamantaires sp\u00e9cialiste de vente et achat de diamants d&#039;exception et fabrication de bijoux\",\"publisher\":{\"@id\":\"https:\\\/\\\/lbdiamantaires.com\\\/fr\\\/#organization\"},\"alternateName\":\"Laferri\u00e8re & Brixi Diamantaires\",\"potentialAction\":[{\"@type\":\"SearchAction\",\"target\":{\"@type\":\"EntryPoint\",\"urlTemplate\":\"https:\\\/\\\/lbdiamantaires.com\\\/fr\\\/?s={search_term_string}\"},\"query-input\":{\"@type\":\"PropertyValueSpecification\",\"valueRequired\":true,\"valueName\":\"search_term_string\"}}],\"inLanguage\":\"fr-FR\"},{\"@type\":\"Organization\",\"@id\":\"https:\\\/\\\/lbdiamantaires.com\\\/fr\\\/#organization\",\"name\":\"LB Diamantaires\",\"alternateName\":\"Laferri\u00e8re & Brixi Diamantaires\",\"url\":\"https:\\\/\\\/lbdiamantaires.com\\\/fr\\\/\",\"logo\":{\"@type\":\"ImageObject\",\"inLanguage\":\"fr-FR\",\"@id\":\"https:\\\/\\\/lbdiamantaires.com\\\/fr\\\/#\\\/schema\\\/logo\\\/image\\\/\",\"url\":\"https:\\\/\\\/lbdiamantaires.com\\\/wp-content\\\/uploads\\\/2026\\\/04\\\/lb-diamantaires-SEO.png\",\"contentUrl\":\"https:\\\/\\\/lbdiamantaires.com\\\/wp-content\\\/uploads\\\/2026\\\/04\\\/lb-diamantaires-SEO.png\",\"width\":696,\"height\":696,\"caption\":\"LB Diamantaires\"},\"image\":{\"@id\":\"https:\\\/\\\/lbdiamantaires.com\\\/fr\\\/#\\\/schema\\\/logo\\\/image\\\/\"},\"sameAs\":[\"https:\\\/\\\/x.com\\\/laferrierebrixi\",\"https:\\\/\\\/www.linkedin.com\\\/in\\\/alexandrelaferriere\\\/\",\"https:\\\/\\\/www.pinterest.com\\\/laferrierebrixi\\\/\",\"https:\\\/\\\/www.instagram.com\\\/nadia.brixi_lb.diamantaires\"]}]}<\/script>\n<!-- \/ Yoast SEO plugin. -->","yoast_head_json":{"title":"Diamants canadiens | LB Diamantaires","description":"Diamants canadiens certifi\u00e9s, tra\u00e7ables et naturels, joaillerie sur mesure fabriqu\u00e9e \u00e0 Montr\u00e9al par LB Diamantaires.","robots":{"index":"index","follow":"follow","max-snippet":"max-snippet:-1","max-image-preview":"max-image-preview:large","max-video-preview":"max-video-preview:-1"},"canonical":"https:\/\/lbdiamantaires.com\/fr\/diamants-canadiens\/","og_locale":"fr_FR","og_type":"article","og_title":"Diamants canadiens | LB Diamantaires","og_description":"Diamants canadiens certifi\u00e9s, tra\u00e7ables et naturels, joaillerie sur mesure fabriqu\u00e9e \u00e0 Montr\u00e9al par LB Diamantaires.","og_url":"https:\/\/lbdiamantaires.com\/fr\/diamants-canadiens\/","og_site_name":"LB Diamantaires","article_modified_time":"2026-04-01T14:36:58+00:00","og_image":[{"url":"https:\/\/lbdiamantaires.com\/wp-content\/uploads\/2026\/03\/laferriere-and-brixi-canadian-diamand-1024x536.jpg","type":"","width":"","height":""}],"twitter_card":"summary_large_image","twitter_site":"@laferrierebrixi","twitter_misc":{"Dur\u00e9e de lecture estim\u00e9e":"2 minutes"},"schema":{"@context":"https:\/\/schema.org","@graph":[{"@type":"WebPage","@id":"https:\/\/lbdiamantaires.com\/fr\/diamants-canadiens\/","url":"https:\/\/lbdiamantaires.com\/fr\/diamants-canadiens\/","name":"Diamants canadiens | LB Diamantaires","isPartOf":{"@id":"https:\/\/lbdiamantaires.com\/fr\/#website"},"primaryImageOfPage":{"@id":"https:\/\/lbdiamantaires.com\/fr\/diamants-canadiens\/#primaryimage"},"image":{"@id":"https:\/\/lbdiamantaires.com\/fr\/diamants-canadiens\/#primaryimage"},"thumbnailUrl":"https:\/\/lbdiamantaires.com\/wp-content\/uploads\/2026\/03\/laferriere-and-brixi-canadian-diamand-1024x536.jpg","datePublished":"2026-03-25T20:09:21+00:00","dateModified":"2026-04-01T14:36:58+00:00","description":"Diamants canadiens certifi\u00e9s, tra\u00e7ables et naturels, joaillerie sur mesure fabriqu\u00e9e \u00e0 Montr\u00e9al par LB Diamantaires.","breadcrumb":{"@id":"https:\/\/lbdiamantaires.com\/fr\/diamants-canadiens\/#breadcrumb"},"inLanguage":"fr-FR","potentialAction":[{"@type":"ReadAction","target":["https:\/\/lbdiamantaires.com\/fr\/diamants-canadiens\/"]}]},{"@type":"ImageObject","inLanguage":"fr-FR","@id":"https:\/\/lbdiamantaires.com\/fr\/diamants-canadiens\/#primaryimage","url":"https:\/\/lbdiamantaires.com\/wp-content\/uploads\/2026\/03\/laferriere-and-brixi-canadian-diamand-1024x536.jpg","contentUrl":"https:\/\/lbdiamantaires.com\/wp-content\/uploads\/2026\/03\/laferriere-and-brixi-canadian-diamand-1024x536.jpg"},{"@type":"BreadcrumbList","@id":"https:\/\/lbdiamantaires.com\/fr\/diamants-canadiens\/#breadcrumb","itemListElement":[{"@type":"ListItem","position":1,"name":"Accueil","item":"https:\/\/lbdiamantaires.com\/fr\/"},{"@type":"ListItem","position":2,"name":"Diamants canadiens"}]},{"@type":"WebSite","@id":"https:\/\/lbdiamantaires.com\/fr\/#website","url":"https:\/\/lbdiamantaires.com\/fr\/","name":"LB Diamantaires","description":"Laferri\u00e8re &amp; Brixi\u00a0Diamantaires sp\u00e9cialiste de vente et achat de diamants d&#039;exception et fabrication de bijoux","publisher":{"@id":"https:\/\/lbdiamantaires.com\/fr\/#organization"},"alternateName":"Laferri\u00e8re & Brixi Diamantaires","potentialAction":[{"@type":"SearchAction","target":{"@type":"EntryPoint","urlTemplate":"https:\/\/lbdiamantaires.com\/fr\/?s={search_term_string}"},"query-input":{"@type":"PropertyValueSpecification","valueRequired":true,"valueName":"search_term_string"}}],"inLanguage":"fr-FR"},{"@type":"Organization","@id":"https:\/\/lbdiamantaires.com\/fr\/#organization","name":"LB Diamantaires","alternateName":"Laferri\u00e8re & Brixi Diamantaires","url":"https:\/\/lbdiamantaires.com\/fr\/","logo":{"@type":"ImageObject","inLanguage":"fr-FR","@id":"https:\/\/lbdiamantaires.com\/fr\/#\/schema\/logo\/image\/","url":"https:\/\/lbdiamantaires.com\/wp-content\/uploads\/2026\/04\/lb-diamantaires-SEO.png","contentUrl":"https:\/\/lbdiamantaires.com\/wp-content\/uploads\/2026\/04\/lb-diamantaires-SEO.png","width":696,"height":696,"caption":"LB Diamantaires"},"image":{"@id":"https:\/\/lbdiamantaires.com\/fr\/#\/schema\/logo\/image\/"},"sameAs":["https:\/\/x.com\/laferrierebrixi","https:\/\/www.linkedin.com\/in\/alexandrelaferriere\/","https:\/\/www.pinterest.com\/laferrierebrixi\/","https:\/\/www.instagram.com\/nadia.brixi_lb.diamantaires"]}]}},"_links":{"self":[{"href":"https:\/\/lbdiamantaires.com\/fr\/wp-json\/wp\/v2\/pages\/2341","targetHints":{"allow":["GET"]}}],"collection":[{"href":"https:\/\/lbdiamantaires.com\/fr\/wp-json\/wp\/v2\/pages"}],"about":[{"href":"https:\/\/lbdiamantaires.com\/fr\/wp-json\/wp\/v2\/types\/page"}],"author":[{"embeddable":true,"href":"https:\/\/lbdiamantaires.com\/fr\/wp-json\/wp\/v2\/users\/2"}],"replies":[{"embeddable":true,"href":"https:\/\/lbdiamantaires.com\/fr\/wp-json\/wp\/v2\/comments?post=2341"}],"version-history":[{"count":50,"href":"https:\/\/lbdiamantaires.com\/fr\/wp-json\/wp\/v2\/pages\/2341\/revisions"}],"predecessor-version":[{"id":4070,"href":"https:\/\/lbdiamantaires.com\/fr\/wp-json\/wp\/v2\/pages\/2341\/revisions\/4070"}],"wp:attachment":[{"href":"https:\/\/lbdiamantaires.com\/fr\/wp-json\/wp\/v2\/media?parent=2341"}],"curies":[{"name":"wp","href":"https:\/\/api.w.org\/{rel}","templated":true}]}}