{"id":2375,"date":"2026-03-25T20:30:49","date_gmt":"2026-03-25T20:30:49","guid":{"rendered":"https:\/\/lbdiamantaires.sandbox.8p-design.com\/?page_id=2375"},"modified":"2026-04-01T20:52:37","modified_gmt":"2026-04-01T20:52:37","slug":"vendre-votre-diamant-details","status":"publish","type":"page","link":"https:\/\/lbdiamantaires.com\/fr\/vendre-votre-diamant-details\/","title":{"rendered":"Vendre votre diamant details"},"content":{"rendered":"\t\t<div data-elementor-type=\"wp-page\" data-elementor-id=\"2375\" class=\"elementor elementor-2375\" data-elementor-post-type=\"page\">\n\t\t\t\t<div class=\"elementor-element elementor-element-61a5dd0 e-flex e-con-boxed e-con e-parent\" data-id=\"61a5dd0\" data-element_type=\"container\" data-e-type=\"container\" data-settings=\"{&quot;background_background&quot;:&quot;classic&quot;}\">\n\t\t\t\t\t<div class=\"e-con-inner\">\n\t\t\t\t<div class=\"elementor-element elementor-element-4eb766b elementor-widget elementor-widget-heading\" data-id=\"4eb766b\" data-element_type=\"widget\" data-e-type=\"widget\" data-widget_type=\"heading.default\">\n\t\t\t\t\t<h1 class=\"elementor-heading-title elementor-size-default\">Vendre votre diamant<\/h1>\t\t\t\t<\/div>\n\t\t\t\t<div class=\"elementor-element elementor-element-cf5835b elementor-widget elementor-widget-heading\" data-id=\"cf5835b\" data-element_type=\"widget\" data-e-type=\"widget\" data-widget_type=\"heading.default\">\n\t\t\t\t\t<h2 class=\"elementor-heading-title elementor-size-default\">Prix sup\u00e9rieurs, paiement imm\u00e9diat<\/h2>\t\t\t\t<\/div>\n\t\t\t\t\t<\/div>\n\t\t\t\t<\/div>\n\t\t<div class=\"elementor-element elementor-element-8a18d15 e-flex e-con-boxed e-con e-parent\" data-id=\"8a18d15\" data-element_type=\"container\" data-e-type=\"container\">\n\t\t\t\t\t<div class=\"e-con-inner\">\n\t\t<div class=\"elementor-element elementor-element-253f36a e-con-full e-flex e-con e-child\" data-id=\"253f36a\" data-element_type=\"container\" data-e-type=\"container\">\n\t\t\t\t<div class=\"elementor-element elementor-element-9f3209d elementor-widget elementor-widget-heading\" data-id=\"9f3209d\" data-element_type=\"widget\" data-e-type=\"widget\" data-widget_type=\"heading.default\">\n\t\t\t\t\t<h2 class=\"elementor-heading-title elementor-size-default\">Processus<\/h2>\t\t\t\t<\/div>\n\t\t\t\t<div class=\"elementor-element elementor-element-3971098 elementor-widget elementor-widget-text-editor\" data-id=\"3971098\" data-element_type=\"widget\" data-e-type=\"widget\" data-widget_type=\"text-editor.default\">\n\t\t\t\t\t\t\t\t\t<p>Si vous souhaitez vendre vos bijoux en diamants, Laferri\u00e8re &amp; Brixi est un acheteur important aupr\u00e8s des particuliers. Notre processus d\u2019achat est simple, transparent et confidentiel. Nous sommes reconnus depuis des ann\u00e9es pour acheter des diamants non sertis ou autres bijoux en diamants. Notre expertise unique comme diamantaire nous permet d\u2019\u00e9valuer rapidement et avec pr\u00e9cision votre diamant et ainsi vous offrir un prix comp\u00e9titif.<\/p><ul><li>Simple<\/li><li>Transparent<\/li><li>Confidentiel<\/li><\/ul><p>Apr\u00e8s une discussion au t\u00e9l\u00e9phone ou par courriel, nous prenons un rendez-vous afin d\u2019\u00e9valuer vos bijoux dans l&rsquo;un de nos bureaux hautement s\u00e9curis\u00e9s.<br \/>Durant notre rencontre, nous allons non seulement \u00e9valuer vos bijoux ou diamants, mais \u00e9galement vous indiquer les diff\u00e9rentes possibilit\u00e9s qui s\u2019offrent \u00e0 vous. Si nous sommes int\u00e9ress\u00e9s \u00e0 acheter votre bijou, nous vous ferons une proposition payable par ch\u00e8que ou par transfert bancaire pour la vente de vos diamants.<\/p><p>Que vous d\u00e9sirez vendre un diamant ou de plusieurs pi\u00e8ces de bijoux, nous prendrons le temps d\u2019\u00e9valuer chaque item individuellement. Que cela soit des bagues, des alliances, des solitaires, bracelets, colliers, parure ou boucles d\u2019oreilles. Il est possible que nous ayons besoin de dessertir le ou les diamants pour pouvoir en faire une \u00e9valuation juste. Dans ce dernier cas, vous \u00eates \u00e9videmment avis\u00e9s avant que nous entreprenions toute action sur votre bijou. Toutes nos \u00e9valuations sont faites devant vous dans le confort et la tranquillit\u00e9 de l\u2019un de nos bureaux hautement s\u00e9curis\u00e9s.<\/p>\t\t\t\t\t\t\t\t<\/div>\n\t\t\t\t<\/div>\n\t\t<div class=\"elementor-element elementor-element-4d8c3f4 e-con-full e-flex e-con e-child\" data-id=\"4d8c3f4\" data-element_type=\"container\" data-e-type=\"container\">\n\t\t\t\t<div class=\"elementor-element elementor-element-6bcd9b0 elementor-widget elementor-widget-heading\" data-id=\"6bcd9b0\" data-element_type=\"widget\" data-e-type=\"widget\" data-widget_type=\"heading.default\">\n\t\t\t\t\t<h2 class=\"elementor-heading-title elementor-size-default\">\u00c0 la fine pointe de la technologie<\/h2>\t\t\t\t<\/div>\n\t\t\t\t<div class=\"elementor-element elementor-element-5efd068 elementor-widget elementor-widget-text-editor\" data-id=\"5efd068\" data-element_type=\"widget\" data-e-type=\"widget\" data-widget_type=\"text-editor.default\">\n\t\t\t\t\t\t\t\t\tLaferri\u00e8re &#038; Brixi Diamantaires travaille \u00e9galement avec des \u00e9quipements \u00e0 la fine pointe de la technologie afin d\u2019obtenir des classifications pr\u00e9cises. En tant qu\u2019acheteur de diamants, LB Diamantaires utilise le logiciel de recoupe OGI System, plusieurs d\u00e9tecteurs de diamants synth\u00e9tiques, des d\u00e9tecteurs de fluorescence et des microscopes \u00e9lectroniques.\t\t\t\t\t\t\t\t<\/div>\n\t\t<div class=\"elementor-element elementor-element-40b22f8 e-con-full e-flex e-con e-child\" data-id=\"40b22f8\" data-element_type=\"container\" data-e-type=\"container\">\n\t\t\t\t<div class=\"elementor-element elementor-element-6a7f1c0 elementor-widget elementor-widget-image\" data-id=\"6a7f1c0\" data-element_type=\"widget\" data-e-type=\"widget\" data-widget_type=\"image.default\">\n\t\t\t\t\t\t\t\t\t\t\t\t\t\t\t<img decoding=\"async\" width=\"218\" height=\"145\" src=\"https:\/\/lbdiamantaires.com\/wp-content\/uploads\/2026\/03\/technical-machine-diamond-laferriere-and-brixi.png\" class=\"attachment-large size-large wp-image-1527\" alt=\"\" \/>\t\t\t\t\t\t\t\t\t\t\t\t\t\t\t<\/div>\n\t\t\t\t<div class=\"elementor-element elementor-element-1f68820 elementor-widget elementor-widget-image\" data-id=\"1f68820\" data-element_type=\"widget\" data-e-type=\"widget\" data-widget_type=\"image.default\">\n\t\t\t\t\t\t\t\t\t\t\t\t\t\t\t<img decoding=\"async\" width=\"223\" height=\"142\" src=\"https:\/\/lbdiamantaires.com\/wp-content\/uploads\/2026\/03\/laferriere-and-brix-software-visualisation.png\" class=\"attachment-large size-large wp-image-2890\" alt=\"Laferri\u00e8re &amp; Brix software visualisation\" \/>\t\t\t\t\t\t\t\t\t\t\t\t\t\t\t<\/div>\n\t\t\t\t<\/div>\n\t\t\t\t<div class=\"elementor-element elementor-element-048c009 elementor-widget elementor-widget-text-editor\" data-id=\"048c009\" data-element_type=\"widget\" data-e-type=\"widget\" data-widget_type=\"text-editor.default\">\n\t\t\t\t\t\t\t\t\t<p>\u00c9tabli dans la r\u00e9gion de Montr\u00e9al depuis pr\u00e8s de 20 ans, Laferri\u00e8re &amp; Brixi Diamantaires est reconnu comme un expert dans l\u2019achat et la vente de diamants, la fabrication sur mesure, la restauration et la recoupe de diamants. LB Diamantaires est un fier membre de la Bourse de Diamants de New York, de la Corporation des bijoutiers du Qu\u00e9bec, du Jewelers Board of Trade et du Code de Conduite des Diamants Canadiens.<\/p>\t\t\t\t\t\t\t\t<\/div>\n\t\t\t\t<\/div>\n\t\t<div class=\"elementor-element elementor-element-c1d2788 e-con-full e-flex e-con e-child\" data-id=\"c1d2788\" data-element_type=\"container\" data-e-type=\"container\">\n\t\t\t\t<div class=\"elementor-element elementor-element-3e4124a elementor-widget elementor-widget-heading\" data-id=\"3e4124a\" data-element_type=\"widget\" data-e-type=\"widget\" data-widget_type=\"heading.default\">\n\t\t\t\t\t<h2 class=\"elementor-heading-title elementor-size-default\">Ce que nous achetons<\/h2>\t\t\t\t<\/div>\n\t\t\t\t<div class=\"elementor-element elementor-element-2c46776 elementor-widget elementor-widget-text-editor\" data-id=\"2c46776\" data-element_type=\"widget\" data-e-type=\"widget\" data-widget_type=\"text-editor.default\">\n\t\t\t\t\t\t\t\t\t<p>Laferri\u00e8re &amp; Brixi n\u2019est pas un bijoutier traditionnel, mais un diamantaire ayant une expertise unique. Nous achetons plusieurs types de diamants et de bijoux. Nous sommes particuli\u00e8rement \u00e0 la recherche de diamants de 1 \u00e0 10 carats de toutes tailles ou de couleurs avec ou sans certificat. Nous n\u2019achetons pas de diamants en bas de 50 pts, de bague de pav\u00e9 ou de bijoux ayant de petits diamants.<\/p><p>Sachez que nous sommes \u00e9galement int\u00e9ress\u00e9s \u00e0 acheter des diamants qui ont \u00e9t\u00e9 \u00e9br\u00e9ch\u00e9s ou des diamants de coupe ancienne. Nous achetons les bijoux en Or 10k, 14k, 18k et 22k ainsi que diff\u00e9rentes pi\u00e8ces de monnaie et lingots en Or en provenance de la Monnaie Royale Canadienne ou autres manufacturiers r\u00e9put\u00e9s.<\/p><ul><li>Diamants de taille importante<\/li><li>Bijoux rares et de succession<\/li><li>Diamants de taille ancienne<\/li><li>Diamants \u00e9br\u00e9ch\u00e9s<\/li><\/ul>\t\t\t\t\t\t\t\t<\/div>\n\t\t\t\t<div class=\"elementor-element elementor-element-4e556f1 elementor-widget elementor-widget-image\" data-id=\"4e556f1\" data-element_type=\"widget\" data-e-type=\"widget\" data-widget_type=\"image.default\">\n\t\t\t\t\t\t\t\t\t\t\t\t\t\t\t<img fetchpriority=\"high\" decoding=\"async\" width=\"466\" height=\"289\" src=\"https:\/\/lbdiamantaires.com\/wp-content\/uploads\/2026\/03\/laferriere-and-brix-sell-diamond-details.png\" class=\"attachment-large size-large wp-image-2897\" alt=\"Laferri\u00e8re &amp; Brixi vente du diamant\" srcset=\"https:\/\/lbdiamantaires.com\/wp-content\/uploads\/2026\/03\/laferriere-and-brix-sell-diamond-details.png 466w, https:\/\/lbdiamantaires.com\/wp-content\/uploads\/2026\/03\/laferriere-and-brix-sell-diamond-details-300x186.png 300w\" sizes=\"(max-width: 466px) 100vw, 466px\" \/>\t\t\t\t\t\t\t\t\t\t\t\t\t\t\t<\/div>\n\t\t\t\t<\/div>\n\t\t\t\t<div class=\"elementor-element elementor-element-248eb02 elementor-align-left elementor-widget elementor-widget-button\" data-id=\"248eb02\" data-element_type=\"widget\" data-e-type=\"widget\" data-widget_type=\"button.default\">\n\t\t\t\t\t\t\t\t\t\t<a class=\"elementor-button elementor-button-link elementor-size-sm\" href=\"https:\/\/lbdiamantaires.com\/fr\/vendre-votre-diamant\/\">\n\t\t\t\t\t\t<span class=\"elementor-button-content-wrapper\">\n\t\t\t\t\t\t<span class=\"elementor-button-icon\">\n\t\t\t\t<i aria-hidden=\"true\" class=\"phl phlight-arrow-left\"><\/i>\t\t\t<\/span>\n\t\t\t\t\t\t\t\t\t<span class=\"elementor-button-text\">Retour<\/span>\n\t\t\t\t\t<\/span>\n\t\t\t\t\t<\/a>\n\t\t\t\t\t\t\t\t<\/div>\n\t\t\t\t\t<\/div>\n\t\t\t\t<\/div>\n\t\t\t\t<\/div>\n\t\t","protected":false},"excerpt":{"rendered":"<p>Vendre votre diamant Prix sup\u00e9rieurs, paiement imm\u00e9diat Processus Si vous souhaitez vendre vos bijoux en diamants, Laferri\u00e8re &amp; Brixi est un acheteur important aupr\u00e8s des particuliers. Notre processus d\u2019achat est simple, transparent et confidentiel. Nous sommes reconnus depuis des ann\u00e9es pour acheter des diamants non sertis ou autres bijoux en diamants. Notre expertise unique comme [&hellip;]<\/p>\n","protected":false},"author":2,"featured_media":0,"parent":0,"menu_order":0,"comment_status":"closed","ping_status":"closed","template":"","meta":{"footnotes":""},"class_list":["post-2375","page","type-page","status-publish","hentry"],"yoast_head":"<!-- This site is optimized with the Yoast SEO plugin v27.3 - https:\/\/yoast.com\/product\/yoast-seo-wordpress\/ -->\n<title>Vendez votre diamant \u00e0 des experts reconnus | LB Diamantaires<\/title>\n<meta name=\"description\" content=\"Notre expertise unique vous permet de vendre votre diamant en ayant une \u00e9valuation rapidement et un prix comp\u00e9titif. Contactez-nous!\" \/>\n<meta name=\"robots\" content=\"index, follow, max-snippet:-1, max-image-preview:large, max-video-preview:-1\" \/>\n<link rel=\"canonical\" href=\"https:\/\/lbdiamantaires.com\/fr\/vendre-votre-diamant-details\/\" \/>\n<meta property=\"og:locale\" content=\"fr_FR\" \/>\n<meta property=\"og:type\" content=\"article\" \/>\n<meta property=\"og:title\" content=\"Vendez votre diamant \u00e0 des experts reconnus | LB Diamantaires\" \/>\n<meta property=\"og:description\" content=\"Notre expertise unique vous permet de vendre votre diamant en ayant une \u00e9valuation rapidement et un prix comp\u00e9titif. Contactez-nous!\" \/>\n<meta property=\"og:url\" content=\"https:\/\/lbdiamantaires.com\/fr\/vendre-votre-diamant-details\/\" \/>\n<meta property=\"og:site_name\" content=\"LB Diamantaires\" \/>\n<meta property=\"article:modified_time\" content=\"2026-04-01T20:52:37+00:00\" \/>\n<meta property=\"og:image\" content=\"https:\/\/lbdiamantaires.com\/wp-content\/uploads\/2026\/03\/technical-machine-diamond-laferriere-and-brixi.png\" \/>\n<meta name=\"twitter:card\" content=\"summary_large_image\" \/>\n<meta name=\"twitter:site\" content=\"@laferrierebrixi\" \/>\n<meta name=\"twitter:label1\" content=\"Dur\u00e9e de lecture estim\u00e9e\" \/>\n\t<meta name=\"twitter:data1\" content=\"4 minutes\" \/>\n<script type=\"application\/ld+json\" class=\"yoast-schema-graph\">{\"@context\":\"https:\\\/\\\/schema.org\",\"@graph\":[{\"@type\":\"WebPage\",\"@id\":\"https:\\\/\\\/lbdiamantaires.com\\\/fr\\\/vendre-votre-diamant-details\\\/\",\"url\":\"https:\\\/\\\/lbdiamantaires.com\\\/fr\\\/vendre-votre-diamant-details\\\/\",\"name\":\"Vendez votre diamant \u00e0 des experts reconnus | LB Diamantaires\",\"isPartOf\":{\"@id\":\"https:\\\/\\\/lbdiamantaires.com\\\/fr\\\/#website\"},\"primaryImageOfPage\":{\"@id\":\"https:\\\/\\\/lbdiamantaires.com\\\/fr\\\/vendre-votre-diamant-details\\\/#primaryimage\"},\"image\":{\"@id\":\"https:\\\/\\\/lbdiamantaires.com\\\/fr\\\/vendre-votre-diamant-details\\\/#primaryimage\"},\"thumbnailUrl\":\"https:\\\/\\\/lbdiamantaires.com\\\/wp-content\\\/uploads\\\/2026\\\/03\\\/technical-machine-diamond-laferriere-and-brixi.png\",\"datePublished\":\"2026-03-25T20:30:49+00:00\",\"dateModified\":\"2026-04-01T20:52:37+00:00\",\"description\":\"Notre expertise unique vous permet de vendre votre diamant en ayant une \u00e9valuation rapidement et un prix comp\u00e9titif. Contactez-nous!\",\"breadcrumb\":{\"@id\":\"https:\\\/\\\/lbdiamantaires.com\\\/fr\\\/vendre-votre-diamant-details\\\/#breadcrumb\"},\"inLanguage\":\"fr-FR\",\"potentialAction\":[{\"@type\":\"ReadAction\",\"target\":[\"https:\\\/\\\/lbdiamantaires.com\\\/fr\\\/vendre-votre-diamant-details\\\/\"]}]},{\"@type\":\"ImageObject\",\"inLanguage\":\"fr-FR\",\"@id\":\"https:\\\/\\\/lbdiamantaires.com\\\/fr\\\/vendre-votre-diamant-details\\\/#primaryimage\",\"url\":\"https:\\\/\\\/lbdiamantaires.com\\\/wp-content\\\/uploads\\\/2026\\\/03\\\/technical-machine-diamond-laferriere-and-brixi.png\",\"contentUrl\":\"https:\\\/\\\/lbdiamantaires.com\\\/wp-content\\\/uploads\\\/2026\\\/03\\\/technical-machine-diamond-laferriere-and-brixi.png\"},{\"@type\":\"BreadcrumbList\",\"@id\":\"https:\\\/\\\/lbdiamantaires.com\\\/fr\\\/vendre-votre-diamant-details\\\/#breadcrumb\",\"itemListElement\":[{\"@type\":\"ListItem\",\"position\":1,\"name\":\"Accueil\",\"item\":\"https:\\\/\\\/lbdiamantaires.com\\\/fr\\\/\"},{\"@type\":\"ListItem\",\"position\":2,\"name\":\"Vendre votre diamant details\"}]},{\"@type\":\"WebSite\",\"@id\":\"https:\\\/\\\/lbdiamantaires.com\\\/fr\\\/#website\",\"url\":\"https:\\\/\\\/lbdiamantaires.com\\\/fr\\\/\",\"name\":\"LB Diamantaires\",\"description\":\"Laferri\u00e8re &amp; Brixi\u00a0Diamantaires sp\u00e9cialiste de vente et achat de diamants d&#039;exception et fabrication de bijoux\",\"publisher\":{\"@id\":\"https:\\\/\\\/lbdiamantaires.com\\\/fr\\\/#organization\"},\"alternateName\":\"Laferri\u00e8re & Brixi Diamantaires\",\"potentialAction\":[{\"@type\":\"SearchAction\",\"target\":{\"@type\":\"EntryPoint\",\"urlTemplate\":\"https:\\\/\\\/lbdiamantaires.com\\\/fr\\\/?s={search_term_string}\"},\"query-input\":{\"@type\":\"PropertyValueSpecification\",\"valueRequired\":true,\"valueName\":\"search_term_string\"}}],\"inLanguage\":\"fr-FR\"},{\"@type\":\"Organization\",\"@id\":\"https:\\\/\\\/lbdiamantaires.com\\\/fr\\\/#organization\",\"name\":\"LB Diamantaires\",\"alternateName\":\"Laferri\u00e8re & Brixi Diamantaires\",\"url\":\"https:\\\/\\\/lbdiamantaires.com\\\/fr\\\/\",\"logo\":{\"@type\":\"ImageObject\",\"inLanguage\":\"fr-FR\",\"@id\":\"https:\\\/\\\/lbdiamantaires.com\\\/fr\\\/#\\\/schema\\\/logo\\\/image\\\/\",\"url\":\"https:\\\/\\\/lbdiamantaires.com\\\/wp-content\\\/uploads\\\/2026\\\/04\\\/lb-diamantaires-SEO.png\",\"contentUrl\":\"https:\\\/\\\/lbdiamantaires.com\\\/wp-content\\\/uploads\\\/2026\\\/04\\\/lb-diamantaires-SEO.png\",\"width\":696,\"height\":696,\"caption\":\"LB Diamantaires\"},\"image\":{\"@id\":\"https:\\\/\\\/lbdiamantaires.com\\\/fr\\\/#\\\/schema\\\/logo\\\/image\\\/\"},\"sameAs\":[\"https:\\\/\\\/x.com\\\/laferrierebrixi\",\"https:\\\/\\\/www.linkedin.com\\\/in\\\/alexandrelaferriere\\\/\",\"https:\\\/\\\/www.pinterest.com\\\/laferrierebrixi\\\/\",\"https:\\\/\\\/www.instagram.com\\\/nadia.brixi_lb.diamantaires\"]}]}<\/script>\n<!-- \/ Yoast SEO plugin. -->","yoast_head_json":{"title":"Vendez votre diamant \u00e0 des experts reconnus | LB Diamantaires","description":"Notre expertise unique vous permet de vendre votre diamant en ayant une \u00e9valuation rapidement et un prix comp\u00e9titif. Contactez-nous!","robots":{"index":"index","follow":"follow","max-snippet":"max-snippet:-1","max-image-preview":"max-image-preview:large","max-video-preview":"max-video-preview:-1"},"canonical":"https:\/\/lbdiamantaires.com\/fr\/vendre-votre-diamant-details\/","og_locale":"fr_FR","og_type":"article","og_title":"Vendez votre diamant \u00e0 des experts reconnus | LB Diamantaires","og_description":"Notre expertise unique vous permet de vendre votre diamant en ayant une \u00e9valuation rapidement et un prix comp\u00e9titif. Contactez-nous!","og_url":"https:\/\/lbdiamantaires.com\/fr\/vendre-votre-diamant-details\/","og_site_name":"LB Diamantaires","article_modified_time":"2026-04-01T20:52:37+00:00","og_image":[{"url":"https:\/\/lbdiamantaires.com\/wp-content\/uploads\/2026\/03\/technical-machine-diamond-laferriere-and-brixi.png","type":"","width":"","height":""}],"twitter_card":"summary_large_image","twitter_site":"@laferrierebrixi","twitter_misc":{"Dur\u00e9e de lecture estim\u00e9e":"4 minutes"},"schema":{"@context":"https:\/\/schema.org","@graph":[{"@type":"WebPage","@id":"https:\/\/lbdiamantaires.com\/fr\/vendre-votre-diamant-details\/","url":"https:\/\/lbdiamantaires.com\/fr\/vendre-votre-diamant-details\/","name":"Vendez votre diamant \u00e0 des experts reconnus | LB Diamantaires","isPartOf":{"@id":"https:\/\/lbdiamantaires.com\/fr\/#website"},"primaryImageOfPage":{"@id":"https:\/\/lbdiamantaires.com\/fr\/vendre-votre-diamant-details\/#primaryimage"},"image":{"@id":"https:\/\/lbdiamantaires.com\/fr\/vendre-votre-diamant-details\/#primaryimage"},"thumbnailUrl":"https:\/\/lbdiamantaires.com\/wp-content\/uploads\/2026\/03\/technical-machine-diamond-laferriere-and-brixi.png","datePublished":"2026-03-25T20:30:49+00:00","dateModified":"2026-04-01T20:52:37+00:00","description":"Notre expertise unique vous permet de vendre votre diamant en ayant une \u00e9valuation rapidement et un prix comp\u00e9titif. Contactez-nous!","breadcrumb":{"@id":"https:\/\/lbdiamantaires.com\/fr\/vendre-votre-diamant-details\/#breadcrumb"},"inLanguage":"fr-FR","potentialAction":[{"@type":"ReadAction","target":["https:\/\/lbdiamantaires.com\/fr\/vendre-votre-diamant-details\/"]}]},{"@type":"ImageObject","inLanguage":"fr-FR","@id":"https:\/\/lbdiamantaires.com\/fr\/vendre-votre-diamant-details\/#primaryimage","url":"https:\/\/lbdiamantaires.com\/wp-content\/uploads\/2026\/03\/technical-machine-diamond-laferriere-and-brixi.png","contentUrl":"https:\/\/lbdiamantaires.com\/wp-content\/uploads\/2026\/03\/technical-machine-diamond-laferriere-and-brixi.png"},{"@type":"BreadcrumbList","@id":"https:\/\/lbdiamantaires.com\/fr\/vendre-votre-diamant-details\/#breadcrumb","itemListElement":[{"@type":"ListItem","position":1,"name":"Accueil","item":"https:\/\/lbdiamantaires.com\/fr\/"},{"@type":"ListItem","position":2,"name":"Vendre votre diamant details"}]},{"@type":"WebSite","@id":"https:\/\/lbdiamantaires.com\/fr\/#website","url":"https:\/\/lbdiamantaires.com\/fr\/","name":"LB Diamantaires","description":"Laferri\u00e8re &amp; Brixi\u00a0Diamantaires sp\u00e9cialiste de vente et achat de diamants d&#039;exception et fabrication de bijoux","publisher":{"@id":"https:\/\/lbdiamantaires.com\/fr\/#organization"},"alternateName":"Laferri\u00e8re & Brixi Diamantaires","potentialAction":[{"@type":"SearchAction","target":{"@type":"EntryPoint","urlTemplate":"https:\/\/lbdiamantaires.com\/fr\/?s={search_term_string}"},"query-input":{"@type":"PropertyValueSpecification","valueRequired":true,"valueName":"search_term_string"}}],"inLanguage":"fr-FR"},{"@type":"Organization","@id":"https:\/\/lbdiamantaires.com\/fr\/#organization","name":"LB Diamantaires","alternateName":"Laferri\u00e8re & Brixi Diamantaires","url":"https:\/\/lbdiamantaires.com\/fr\/","logo":{"@type":"ImageObject","inLanguage":"fr-FR","@id":"https:\/\/lbdiamantaires.com\/fr\/#\/schema\/logo\/image\/","url":"https:\/\/lbdiamantaires.com\/wp-content\/uploads\/2026\/04\/lb-diamantaires-SEO.png","contentUrl":"https:\/\/lbdiamantaires.com\/wp-content\/uploads\/2026\/04\/lb-diamantaires-SEO.png","width":696,"height":696,"caption":"LB Diamantaires"},"image":{"@id":"https:\/\/lbdiamantaires.com\/fr\/#\/schema\/logo\/image\/"},"sameAs":["https:\/\/x.com\/laferrierebrixi","https:\/\/www.linkedin.com\/in\/alexandrelaferriere\/","https:\/\/www.pinterest.com\/laferrierebrixi\/","https:\/\/www.instagram.com\/nadia.brixi_lb.diamantaires"]}]}},"_links":{"self":[{"href":"https:\/\/lbdiamantaires.com\/fr\/wp-json\/wp\/v2\/pages\/2375","targetHints":{"allow":["GET"]}}],"collection":[{"href":"https:\/\/lbdiamantaires.com\/fr\/wp-json\/wp\/v2\/pages"}],"about":[{"href":"https:\/\/lbdiamantaires.com\/fr\/wp-json\/wp\/v2\/types\/page"}],"author":[{"embeddable":true,"href":"https:\/\/lbdiamantaires.com\/fr\/wp-json\/wp\/v2\/users\/2"}],"replies":[{"embeddable":true,"href":"https:\/\/lbdiamantaires.com\/fr\/wp-json\/wp\/v2\/comments?post=2375"}],"version-history":[{"count":25,"href":"https:\/\/lbdiamantaires.com\/fr\/wp-json\/wp\/v2\/pages\/2375\/revisions"}],"predecessor-version":[{"id":3372,"href":"https:\/\/lbdiamantaires.com\/fr\/wp-json\/wp\/v2\/pages\/2375\/revisions\/3372"}],"wp:attachment":[{"href":"https:\/\/lbdiamantaires.com\/fr\/wp-json\/wp\/v2\/media?parent=2375"}],"curies":[{"name":"wp","href":"https:\/\/api.w.org\/{rel}","templated":true}]}}