{"id":2612,"date":"2026-03-26T14:39:10","date_gmt":"2026-03-26T14:39:10","guid":{"rendered":"https:\/\/lbdiamantaires.sandbox.8p-design.com\/?page_id=2612"},"modified":"2026-04-01T14:49:17","modified_gmt":"2026-04-01T14:49:17","slug":"politique-de-cybersecurite","status":"publish","type":"page","link":"https:\/\/lbdiamantaires.com\/fr\/politique-de-cybersecurite\/","title":{"rendered":"Politique de cybers\u00e9curit\u00e9"},"content":{"rendered":"\t\t<div data-elementor-type=\"wp-page\" data-elementor-id=\"2612\" class=\"elementor elementor-2612\" data-elementor-post-type=\"page\">\n\t\t\t\t<div class=\"elementor-element elementor-element-db7f4e2 e-flex e-con-boxed e-con e-parent\" data-id=\"db7f4e2\" data-element_type=\"container\" data-e-type=\"container\">\n\t\t\t\t\t<div class=\"e-con-inner\">\n\t\t<div class=\"elementor-element elementor-element-3669bfa e-con-full e-flex e-con e-child\" data-id=\"3669bfa\" data-element_type=\"container\" data-e-type=\"container\">\n\t\t<div class=\"elementor-element elementor-element-c6eb6c0 e-con-full e-flex e-con e-child\" data-id=\"c6eb6c0\" data-element_type=\"container\" data-e-type=\"container\">\n\t\t\t\t<div class=\"elementor-element elementor-element-1cb4788 elementor-widget elementor-widget-heading\" data-id=\"1cb4788\" data-element_type=\"widget\" data-e-type=\"widget\" data-widget_type=\"heading.default\">\n\t\t\t\t\t<h1 class=\"elementor-heading-title elementor-size-default\">Notre politique de cybers\u00e9curit\u00e9<\/h1>\t\t\t\t<\/div>\n\t\t\t\t<\/div>\n\t\t\t\t<div class=\"elementor-element elementor-element-36f283b elementor-widget elementor-widget-text-editor\" data-id=\"36f283b\" data-element_type=\"widget\" data-e-type=\"widget\" data-widget_type=\"text-editor.default\">\n\t\t\t\t\t\t\t\t\t<ul><li>Nous faisons toutes nos \u00e9valuations d\u2019achat en personne seulement, sur rendez-vous et uniquement dans l\u2019un de nos bureaux hautement s\u00e9curis\u00e9s.<\/li><li>Nous ne vous demanderons jamais d\u2019envoyer un diamant ou un bijou par la poste.<\/li><li>Nous ne vous demanderons jamais de transf\u00e9rer de l\u2019argent pour payer des frais ou autres services.<\/li><li>Nous ne vous demanderons jamais des informations de cartes de cr\u00e9dit ou autres cartes bancaires par t\u00e9l\u00e9phone ou par courriel.<\/li><li>Assurez-vous lors des communications par courriel que notre nom de compagnie est \u00e9crit correctement, qu\u2019aucune lettre n&rsquo;est invers\u00e9e ou chang\u00e9e. Utilisez l\u2019adresse suivante : <a href=\"mailto:info@lbdiamantaires.com\">info@lbdiamantaires.com<\/a> ou le no de t\u00e9l\u00e9phone suivant : 844.671.3101.<\/li><li>Nous n\u2019enverrons jamais un repr\u00e9sentant chez vous ou n\u2019importe quel autre endroit dans le but de faire un achat.<\/li><li>Nous recevons nos clients uniquement dans l\u2019un de nos bureaux hautement s\u00e9curis\u00e9s.<\/li><li>Nous allons toujours communiquer par t\u00e9l\u00e9phone avec vous avant de vous donner un rendez-vous.<\/li><\/ul>\t\t\t\t\t\t\t\t<\/div>\n\t\t\t\t<\/div>\n\t\t<div class=\"elementor-element elementor-element-ecb3b83 e-con-full e-flex e-con e-child\" data-id=\"ecb3b83\" data-element_type=\"container\" data-e-type=\"container\" data-settings=\"{&quot;background_background&quot;:&quot;classic&quot;}\">\n\t\t\t\t<\/div>\n\t\t\t\t\t<\/div>\n\t\t\t\t<\/div>\n\t\t\t\t<\/div>\n\t\t","protected":false},"excerpt":{"rendered":"<p>Notre politique de cybers\u00e9curit\u00e9 Nous faisons toutes nos \u00e9valuations d\u2019achat en personne seulement, sur rendez-vous et uniquement dans l\u2019un de nos bureaux hautement s\u00e9curis\u00e9s. Nous ne vous demanderons jamais d\u2019envoyer un diamant ou un bijou par la poste. Nous ne vous demanderons jamais de transf\u00e9rer de l\u2019argent pour payer des frais ou autres services. Nous [&hellip;]<\/p>\n","protected":false},"author":2,"featured_media":0,"parent":0,"menu_order":0,"comment_status":"closed","ping_status":"closed","template":"","meta":{"footnotes":""},"class_list":["post-2612","page","type-page","status-publish","hentry"],"yoast_head":"<!-- This site is optimized with the Yoast SEO plugin v27.4 - https:\/\/yoast.com\/product\/yoast-seo-wordpress\/ -->\n<title>Notre politique de cybers\u00e9curit\u00e9 | LB Diamantaires<\/title>\n<meta name=\"description\" content=\"D\u00e9couvrez notre politique de cybers\u00e9curit\u00e9 : transactions s\u00e9curis\u00e9es, protection contre la fraude et rendez-vous uniquement dans nos bureaux hautement s\u00e9curis\u00e9s\" \/>\n<meta name=\"robots\" content=\"index, follow, max-snippet:-1, max-image-preview:large, max-video-preview:-1\" \/>\n<link rel=\"canonical\" href=\"https:\/\/lbdiamantaires.com\/fr\/politique-de-cybersecurite\/\" \/>\n<meta property=\"og:locale\" content=\"fr_FR\" \/>\n<meta property=\"og:type\" content=\"article\" \/>\n<meta property=\"og:title\" content=\"Notre politique de cybers\u00e9curit\u00e9 | LB Diamantaires\" \/>\n<meta property=\"og:description\" content=\"D\u00e9couvrez notre politique de cybers\u00e9curit\u00e9 : transactions s\u00e9curis\u00e9es, protection contre la fraude et rendez-vous uniquement dans nos bureaux hautement s\u00e9curis\u00e9s\" \/>\n<meta property=\"og:url\" content=\"https:\/\/lbdiamantaires.com\/fr\/politique-de-cybersecurite\/\" \/>\n<meta property=\"og:site_name\" content=\"LB Diamantaires\" \/>\n<meta property=\"article:modified_time\" content=\"2026-04-01T14:49:17+00:00\" \/>\n<meta property=\"og:image\" content=\"https:\/\/lbdiamantaires.com\/wp-content\/uploads\/2026\/04\/Lb-diamantaires-official-website.png\" \/>\n\t<meta property=\"og:image:width\" content=\"1200\" \/>\n\t<meta property=\"og:image:height\" content=\"675\" \/>\n\t<meta property=\"og:image:type\" content=\"image\/png\" \/>\n<meta name=\"twitter:card\" content=\"summary_large_image\" \/>\n<meta name=\"twitter:site\" content=\"@laferrierebrixi\" \/>\n<meta name=\"twitter:label1\" content=\"Dur\u00e9e de lecture estim\u00e9e\" \/>\n\t<meta name=\"twitter:data1\" content=\"1 minute\" \/>\n<script type=\"application\/ld+json\" class=\"yoast-schema-graph\">{\"@context\":\"https:\\\/\\\/schema.org\",\"@graph\":[{\"@type\":\"WebPage\",\"@id\":\"https:\\\/\\\/lbdiamantaires.com\\\/fr\\\/politique-de-cybersecurite\\\/\",\"url\":\"https:\\\/\\\/lbdiamantaires.com\\\/fr\\\/politique-de-cybersecurite\\\/\",\"name\":\"Notre politique de cybers\u00e9curit\u00e9 | LB Diamantaires\",\"isPartOf\":{\"@id\":\"https:\\\/\\\/lbdiamantaires.com\\\/fr\\\/#website\"},\"datePublished\":\"2026-03-26T14:39:10+00:00\",\"dateModified\":\"2026-04-01T14:49:17+00:00\",\"description\":\"D\u00e9couvrez notre politique de cybers\u00e9curit\u00e9 : transactions s\u00e9curis\u00e9es, protection contre la fraude et rendez-vous uniquement dans nos bureaux hautement s\u00e9curis\u00e9s\",\"breadcrumb\":{\"@id\":\"https:\\\/\\\/lbdiamantaires.com\\\/fr\\\/politique-de-cybersecurite\\\/#breadcrumb\"},\"inLanguage\":\"fr-FR\",\"potentialAction\":[{\"@type\":\"ReadAction\",\"target\":[\"https:\\\/\\\/lbdiamantaires.com\\\/fr\\\/politique-de-cybersecurite\\\/\"]}]},{\"@type\":\"BreadcrumbList\",\"@id\":\"https:\\\/\\\/lbdiamantaires.com\\\/fr\\\/politique-de-cybersecurite\\\/#breadcrumb\",\"itemListElement\":[{\"@type\":\"ListItem\",\"position\":1,\"name\":\"Accueil\",\"item\":\"https:\\\/\\\/lbdiamantaires.com\\\/fr\\\/\"},{\"@type\":\"ListItem\",\"position\":2,\"name\":\"Politique de cybers\u00e9curit\u00e9\"}]},{\"@type\":\"WebSite\",\"@id\":\"https:\\\/\\\/lbdiamantaires.com\\\/fr\\\/#website\",\"url\":\"https:\\\/\\\/lbdiamantaires.com\\\/fr\\\/\",\"name\":\"LB Diamantaires\",\"description\":\"Laferri\u00e8re &amp; Brixi\u00a0Diamantaires sp\u00e9cialiste de vente et achat de diamants d&#039;exception et fabrication de bijoux\",\"publisher\":{\"@id\":\"https:\\\/\\\/lbdiamantaires.com\\\/fr\\\/#organization\"},\"alternateName\":\"Laferri\u00e8re & Brixi Diamantaires\",\"potentialAction\":[{\"@type\":\"SearchAction\",\"target\":{\"@type\":\"EntryPoint\",\"urlTemplate\":\"https:\\\/\\\/lbdiamantaires.com\\\/fr\\\/?s={search_term_string}\"},\"query-input\":{\"@type\":\"PropertyValueSpecification\",\"valueRequired\":true,\"valueName\":\"search_term_string\"}}],\"inLanguage\":\"fr-FR\"},{\"@type\":\"Organization\",\"@id\":\"https:\\\/\\\/lbdiamantaires.com\\\/fr\\\/#organization\",\"name\":\"LB Diamantaires\",\"alternateName\":\"Laferri\u00e8re & Brixi Diamantaires\",\"url\":\"https:\\\/\\\/lbdiamantaires.com\\\/fr\\\/\",\"logo\":{\"@type\":\"ImageObject\",\"inLanguage\":\"fr-FR\",\"@id\":\"https:\\\/\\\/lbdiamantaires.com\\\/fr\\\/#\\\/schema\\\/logo\\\/image\\\/\",\"url\":\"https:\\\/\\\/lbdiamantaires.com\\\/wp-content\\\/uploads\\\/2026\\\/04\\\/lb-diamantaires-SEO.png\",\"contentUrl\":\"https:\\\/\\\/lbdiamantaires.com\\\/wp-content\\\/uploads\\\/2026\\\/04\\\/lb-diamantaires-SEO.png\",\"width\":696,\"height\":696,\"caption\":\"LB Diamantaires\"},\"image\":{\"@id\":\"https:\\\/\\\/lbdiamantaires.com\\\/fr\\\/#\\\/schema\\\/logo\\\/image\\\/\"},\"sameAs\":[\"https:\\\/\\\/x.com\\\/laferrierebrixi\",\"https:\\\/\\\/www.linkedin.com\\\/in\\\/alexandrelaferriere\\\/\",\"https:\\\/\\\/www.pinterest.com\\\/laferrierebrixi\\\/\",\"https:\\\/\\\/www.instagram.com\\\/nadia.brixi_lb.diamantaires\"]}]}<\/script>\n<!-- \/ Yoast SEO plugin. -->","yoast_head_json":{"title":"Notre politique de cybers\u00e9curit\u00e9 | LB Diamantaires","description":"D\u00e9couvrez notre politique de cybers\u00e9curit\u00e9 : transactions s\u00e9curis\u00e9es, protection contre la fraude et rendez-vous uniquement dans nos bureaux hautement s\u00e9curis\u00e9s","robots":{"index":"index","follow":"follow","max-snippet":"max-snippet:-1","max-image-preview":"max-image-preview:large","max-video-preview":"max-video-preview:-1"},"canonical":"https:\/\/lbdiamantaires.com\/fr\/politique-de-cybersecurite\/","og_locale":"fr_FR","og_type":"article","og_title":"Notre politique de cybers\u00e9curit\u00e9 | LB Diamantaires","og_description":"D\u00e9couvrez notre politique de cybers\u00e9curit\u00e9 : transactions s\u00e9curis\u00e9es, protection contre la fraude et rendez-vous uniquement dans nos bureaux hautement s\u00e9curis\u00e9s","og_url":"https:\/\/lbdiamantaires.com\/fr\/politique-de-cybersecurite\/","og_site_name":"LB Diamantaires","article_modified_time":"2026-04-01T14:49:17+00:00","og_image":[{"width":1200,"height":675,"url":"https:\/\/lbdiamantaires.com\/wp-content\/uploads\/2026\/04\/Lb-diamantaires-official-website.png","type":"image\/png"}],"twitter_card":"summary_large_image","twitter_site":"@laferrierebrixi","twitter_misc":{"Dur\u00e9e de lecture estim\u00e9e":"1 minute"},"schema":{"@context":"https:\/\/schema.org","@graph":[{"@type":"WebPage","@id":"https:\/\/lbdiamantaires.com\/fr\/politique-de-cybersecurite\/","url":"https:\/\/lbdiamantaires.com\/fr\/politique-de-cybersecurite\/","name":"Notre politique de cybers\u00e9curit\u00e9 | LB Diamantaires","isPartOf":{"@id":"https:\/\/lbdiamantaires.com\/fr\/#website"},"datePublished":"2026-03-26T14:39:10+00:00","dateModified":"2026-04-01T14:49:17+00:00","description":"D\u00e9couvrez notre politique de cybers\u00e9curit\u00e9 : transactions s\u00e9curis\u00e9es, protection contre la fraude et rendez-vous uniquement dans nos bureaux hautement s\u00e9curis\u00e9s","breadcrumb":{"@id":"https:\/\/lbdiamantaires.com\/fr\/politique-de-cybersecurite\/#breadcrumb"},"inLanguage":"fr-FR","potentialAction":[{"@type":"ReadAction","target":["https:\/\/lbdiamantaires.com\/fr\/politique-de-cybersecurite\/"]}]},{"@type":"BreadcrumbList","@id":"https:\/\/lbdiamantaires.com\/fr\/politique-de-cybersecurite\/#breadcrumb","itemListElement":[{"@type":"ListItem","position":1,"name":"Accueil","item":"https:\/\/lbdiamantaires.com\/fr\/"},{"@type":"ListItem","position":2,"name":"Politique de cybers\u00e9curit\u00e9"}]},{"@type":"WebSite","@id":"https:\/\/lbdiamantaires.com\/fr\/#website","url":"https:\/\/lbdiamantaires.com\/fr\/","name":"LB Diamantaires","description":"Laferri\u00e8re &amp; Brixi\u00a0Diamantaires sp\u00e9cialiste de vente et achat de diamants d&#039;exception et fabrication de bijoux","publisher":{"@id":"https:\/\/lbdiamantaires.com\/fr\/#organization"},"alternateName":"Laferri\u00e8re & Brixi Diamantaires","potentialAction":[{"@type":"SearchAction","target":{"@type":"EntryPoint","urlTemplate":"https:\/\/lbdiamantaires.com\/fr\/?s={search_term_string}"},"query-input":{"@type":"PropertyValueSpecification","valueRequired":true,"valueName":"search_term_string"}}],"inLanguage":"fr-FR"},{"@type":"Organization","@id":"https:\/\/lbdiamantaires.com\/fr\/#organization","name":"LB Diamantaires","alternateName":"Laferri\u00e8re & Brixi Diamantaires","url":"https:\/\/lbdiamantaires.com\/fr\/","logo":{"@type":"ImageObject","inLanguage":"fr-FR","@id":"https:\/\/lbdiamantaires.com\/fr\/#\/schema\/logo\/image\/","url":"https:\/\/lbdiamantaires.com\/wp-content\/uploads\/2026\/04\/lb-diamantaires-SEO.png","contentUrl":"https:\/\/lbdiamantaires.com\/wp-content\/uploads\/2026\/04\/lb-diamantaires-SEO.png","width":696,"height":696,"caption":"LB Diamantaires"},"image":{"@id":"https:\/\/lbdiamantaires.com\/fr\/#\/schema\/logo\/image\/"},"sameAs":["https:\/\/x.com\/laferrierebrixi","https:\/\/www.linkedin.com\/in\/alexandrelaferriere\/","https:\/\/www.pinterest.com\/laferrierebrixi\/","https:\/\/www.instagram.com\/nadia.brixi_lb.diamantaires"]}]}},"_links":{"self":[{"href":"https:\/\/lbdiamantaires.com\/fr\/wp-json\/wp\/v2\/pages\/2612","targetHints":{"allow":["GET"]}}],"collection":[{"href":"https:\/\/lbdiamantaires.com\/fr\/wp-json\/wp\/v2\/pages"}],"about":[{"href":"https:\/\/lbdiamantaires.com\/fr\/wp-json\/wp\/v2\/types\/page"}],"author":[{"embeddable":true,"href":"https:\/\/lbdiamantaires.com\/fr\/wp-json\/wp\/v2\/users\/2"}],"replies":[{"embeddable":true,"href":"https:\/\/lbdiamantaires.com\/fr\/wp-json\/wp\/v2\/comments?post=2612"}],"version-history":[{"count":47,"href":"https:\/\/lbdiamantaires.com\/fr\/wp-json\/wp\/v2\/pages\/2612\/revisions"}],"predecessor-version":[{"id":4078,"href":"https:\/\/lbdiamantaires.com\/fr\/wp-json\/wp\/v2\/pages\/2612\/revisions\/4078"}],"wp:attachment":[{"href":"https:\/\/lbdiamantaires.com\/fr\/wp-json\/wp\/v2\/media?parent=2612"}],"curies":[{"name":"wp","href":"https:\/\/api.w.org\/{rel}","templated":true}]}}