{"id":4544,"date":"2026-04-07T15:11:19","date_gmt":"2026-04-07T15:11:19","guid":{"rendered":"https:\/\/staging.lbdiamantaires.com\/?page_id=4544"},"modified":"2026-04-14T11:31:01","modified_gmt":"2026-04-14T16:31:01","slug":"politique-de-confidentialite","status":"publish","type":"page","link":"https:\/\/lbdiamantaires.com\/fr\/politique-de-confidentialite\/","title":{"rendered":"Politique de confidentialit\u00e9"},"content":{"rendered":"\t\t<div data-elementor-type=\"wp-page\" data-elementor-id=\"4544\" class=\"elementor elementor-4544\" data-elementor-post-type=\"page\">\n\t\t\t\t<div class=\"elementor-element elementor-element-2ec389f e-flex e-con-boxed e-con e-parent\" data-id=\"2ec389f\" data-element_type=\"container\" data-e-type=\"container\">\n\t\t\t\t\t<div class=\"e-con-inner\">\n\t\t<div class=\"elementor-element elementor-element-7437c5b e-con-full e-flex e-con e-child\" data-id=\"7437c5b\" data-element_type=\"container\" data-e-type=\"container\">\n\t\t<div class=\"elementor-element elementor-element-beae8ae e-con-full e-flex e-con e-child\" data-id=\"beae8ae\" data-element_type=\"container\" data-e-type=\"container\">\n\t\t\t\t<div class=\"elementor-element elementor-element-355d9d1 elementor-widget elementor-widget-heading\" data-id=\"355d9d1\" data-element_type=\"widget\" data-e-type=\"widget\" data-widget_type=\"heading.default\">\n\t\t\t\t\t<h1 class=\"elementor-heading-title elementor-size-default\">Politique de confidentialit\u00e9<\/h1>\t\t\t\t<\/div>\n\t\t\t\t<\/div>\n\t\t\t\t<div class=\"elementor-element elementor-element-e743fe1 elementor-widget elementor-widget-text-editor\" data-id=\"e743fe1\" data-element_type=\"widget\" data-e-type=\"widget\" data-widget_type=\"text-editor.default\">\n\t\t\t\t\t\t\t\t\t<h2>1. Introduction<\/h2><p>Laferri\u00e8re &amp; Brixi Diamantaires accorde une grande importance \u00e0 la protection de vos renseignements personnels, conform\u00e9ment \u00e0 la Loi 25 du Qu\u00e9bec.<\/p><h2>2. Responsable des renseignements personnels<\/h2><p>Louis-Alexandre Laferri\u00e8re<\/p><p>Courriel : <a href=\"mailto:info@lbdiamantaires.com\">info@lbdiamantaires.com<\/a><\/p><p>T\u00e9l\u00e9phone : <a href=\"tel:+1844-671-3101\">844-671-3101<\/a><\/p><h2>3. Informations collect\u00e9es<\/h2><p>Nom, courriel, t\u00e9l\u00e9phone, informations sur les bijoux (description, photos, documents).<\/p><h2>4. M\u00e9thodes de collecte<\/h2><p>Formulaires du site, t\u00e9l\u00e9phone, courriel.<\/p><h2>5. Utilisation des informations<\/h2><p>Analyse des bijoux, communication, rendez-vous, offre d\u2019achat.<\/p><h2>6. Partage des informations<\/h2><p>Aucune vente de donn\u00e9es. Partage limit\u00e9 si requis par la loi ou via des outils technologiques n\u00e9cessaires.<\/p><h2>7. Conservation<\/h2><p>Dur\u00e9e n\u00e9cessaire au traitement et aux obligations l\u00e9gales.<\/p><h2>8. S\u00e9curit\u00e9 des donn\u00e9es<\/h2><p>Vos informations sont h\u00e9berg\u00e9es de mani\u00e8re s\u00e9curis\u00e9e et accessibles uniquement aux personnes autoris\u00e9es.<\/p><h2>9. Outils tiers<\/h2><p>Nous pouvons utiliser des outils analytiques ou technologiques tiers conformes aux normes en vigueur.<\/p><h2>10. Vos droits<\/h2><p>Acc\u00e8s, correction, retrait du consentement via info@lbdiamantaires.com<\/p><h2>11. Confidentialit\u00e9<\/h2><p>Traitement strictement confidentiel.<\/p>\t\t\t\t\t\t\t\t<\/div>\n\t\t\t\t<div class=\"elementor-element elementor-element-f9b128f elementor-widget elementor-widget-html\" data-id=\"f9b128f\" data-element_type=\"widget\" data-e-type=\"widget\" data-widget_type=\"html.default\">\n\t\t\t\t\t<!-- Start CookieYes cookie policy -->\n<script id=\"cky-cookie-policy\" type=\"text\/javascript\" src=\"https:\/\/cdn-cookieyes.com\/client_data\/1f9e927d6f8306331ef493cd739f7906\/cookie-policy\/script.js\"><\/script>\n<!-- End CookieYes cookie policy -->\n\n<style>\n    #cky-policy-container a.cky-banner-element{\n        margin-bottom: 20px;\n    display: block;\n    width: fit-content;\n    border-color: var(--e-global-color-20b100c);\n    color: var(--e-global-color-20b100c);\n    background-color: white;\n    }\n<\/style>\t\t\t\t<\/div>\n\t\t\t\t<\/div>\n\t\t\t\t\t<\/div>\n\t\t\t\t<\/div>\n\t\t\t\t<\/div>\n\t\t","protected":false},"excerpt":{"rendered":"<p>Politique de confidentialit\u00e9 1. Introduction Laferri\u00e8re &amp; Brixi Diamantaires accorde une grande importance \u00e0 la protection de vos renseignements personnels, conform\u00e9ment \u00e0 la Loi 25 du Qu\u00e9bec. 2. Responsable des renseignements personnels Louis-Alexandre Laferri\u00e8re Courriel : info@lbdiamantaires.com T\u00e9l\u00e9phone : 844-671-3101 3. Informations collect\u00e9es Nom, courriel, t\u00e9l\u00e9phone, informations sur les bijoux (description, photos, documents). 4. M\u00e9thodes [&hellip;]<\/p>\n","protected":false},"author":2,"featured_media":0,"parent":0,"menu_order":0,"comment_status":"closed","ping_status":"closed","template":"","meta":{"footnotes":""},"class_list":["post-4544","page","type-page","status-publish","hentry"],"yoast_head":"<!-- This site is optimized with the Yoast SEO plugin v27.5 - https:\/\/yoast.com\/product\/yoast-seo-wordpress\/ -->\n<title>Politique de confidentialit\u00e9 | LB Diamantaires<\/title>\n<meta name=\"description\" content=\"Politique de confidentialit\u00e9 de Laferri\u00e8re &amp; Brixi Diamantaires, informations sur la protection de vos donn\u00e9es personnelles.\" \/>\n<meta name=\"robots\" content=\"index, follow, max-snippet:-1, max-image-preview:large, max-video-preview:-1\" \/>\n<link rel=\"canonical\" href=\"https:\/\/lbdiamantaires.com\/fr\/politique-de-confidentialite\/\" \/>\n<meta property=\"og:locale\" content=\"fr_FR\" \/>\n<meta property=\"og:type\" content=\"article\" \/>\n<meta property=\"og:title\" content=\"Politique de confidentialit\u00e9 | LB Diamantaires\" \/>\n<meta property=\"og:description\" content=\"Politique de confidentialit\u00e9 de Laferri\u00e8re &amp; Brixi Diamantaires, informations sur la protection de vos donn\u00e9es personnelles.\" \/>\n<meta property=\"og:url\" content=\"https:\/\/lbdiamantaires.com\/fr\/politique-de-confidentialite\/\" \/>\n<meta property=\"og:site_name\" content=\"LB Diamantaires\" \/>\n<meta property=\"article:modified_time\" content=\"2026-04-14T16:31:01+00:00\" \/>\n<meta property=\"og:image\" content=\"https:\/\/lbdiamantaires.com\/wp-content\/uploads\/2026\/04\/Lb-diamantaires-official-website.png\" \/>\n\t<meta property=\"og:image:width\" content=\"1200\" \/>\n\t<meta property=\"og:image:height\" content=\"675\" \/>\n\t<meta property=\"og:image:type\" content=\"image\/png\" \/>\n<meta name=\"twitter:card\" content=\"summary_large_image\" \/>\n<meta name=\"twitter:site\" content=\"@laferrierebrixi\" \/>\n<meta name=\"twitter:label1\" content=\"Dur\u00e9e de lecture estim\u00e9e\" \/>\n\t<meta name=\"twitter:data1\" content=\"1 minute\" \/>\n<script type=\"application\/ld+json\" class=\"yoast-schema-graph\">{\"@context\":\"https:\\\/\\\/schema.org\",\"@graph\":[{\"@type\":\"WebPage\",\"@id\":\"https:\\\/\\\/lbdiamantaires.com\\\/fr\\\/politique-de-confidentialite\\\/\",\"url\":\"https:\\\/\\\/lbdiamantaires.com\\\/fr\\\/politique-de-confidentialite\\\/\",\"name\":\"Politique de confidentialit\u00e9 | LB Diamantaires\",\"isPartOf\":{\"@id\":\"https:\\\/\\\/lbdiamantaires.com\\\/fr\\\/#website\"},\"datePublished\":\"2026-04-07T15:11:19+00:00\",\"dateModified\":\"2026-04-14T16:31:01+00:00\",\"description\":\"Politique de confidentialit\u00e9 de Laferri\u00e8re & Brixi Diamantaires, informations sur la protection de vos donn\u00e9es personnelles.\",\"breadcrumb\":{\"@id\":\"https:\\\/\\\/lbdiamantaires.com\\\/fr\\\/politique-de-confidentialite\\\/#breadcrumb\"},\"inLanguage\":\"fr-FR\",\"potentialAction\":[{\"@type\":\"ReadAction\",\"target\":[\"https:\\\/\\\/lbdiamantaires.com\\\/fr\\\/politique-de-confidentialite\\\/\"]}]},{\"@type\":\"BreadcrumbList\",\"@id\":\"https:\\\/\\\/lbdiamantaires.com\\\/fr\\\/politique-de-confidentialite\\\/#breadcrumb\",\"itemListElement\":[{\"@type\":\"ListItem\",\"position\":1,\"name\":\"Accueil\",\"item\":\"https:\\\/\\\/lbdiamantaires.com\\\/fr\\\/\"},{\"@type\":\"ListItem\",\"position\":2,\"name\":\"Politique de confidentialit\u00e9\"}]},{\"@type\":\"WebSite\",\"@id\":\"https:\\\/\\\/lbdiamantaires.com\\\/fr\\\/#website\",\"url\":\"https:\\\/\\\/lbdiamantaires.com\\\/fr\\\/\",\"name\":\"LB Diamantaires\",\"description\":\"Laferri\u00e8re &amp; Brixi\u00a0Diamantaires sp\u00e9cialiste de vente et achat de diamants d&#039;exception et fabrication de bijoux\",\"publisher\":{\"@id\":\"https:\\\/\\\/lbdiamantaires.com\\\/fr\\\/#organization\"},\"alternateName\":\"Laferri\u00e8re & Brixi Diamantaires\",\"potentialAction\":[{\"@type\":\"SearchAction\",\"target\":{\"@type\":\"EntryPoint\",\"urlTemplate\":\"https:\\\/\\\/lbdiamantaires.com\\\/fr\\\/?s={search_term_string}\"},\"query-input\":{\"@type\":\"PropertyValueSpecification\",\"valueRequired\":true,\"valueName\":\"search_term_string\"}}],\"inLanguage\":\"fr-FR\"},{\"@type\":\"Organization\",\"@id\":\"https:\\\/\\\/lbdiamantaires.com\\\/fr\\\/#organization\",\"name\":\"LB Diamantaires\",\"alternateName\":\"Laferri\u00e8re & Brixi Diamantaires\",\"url\":\"https:\\\/\\\/lbdiamantaires.com\\\/fr\\\/\",\"logo\":{\"@type\":\"ImageObject\",\"inLanguage\":\"fr-FR\",\"@id\":\"https:\\\/\\\/lbdiamantaires.com\\\/fr\\\/#\\\/schema\\\/logo\\\/image\\\/\",\"url\":\"https:\\\/\\\/lbdiamantaires.com\\\/wp-content\\\/uploads\\\/2026\\\/04\\\/lb-diamantaires-SEO.png\",\"contentUrl\":\"https:\\\/\\\/lbdiamantaires.com\\\/wp-content\\\/uploads\\\/2026\\\/04\\\/lb-diamantaires-SEO.png\",\"width\":696,\"height\":696,\"caption\":\"LB Diamantaires\"},\"image\":{\"@id\":\"https:\\\/\\\/lbdiamantaires.com\\\/fr\\\/#\\\/schema\\\/logo\\\/image\\\/\"},\"sameAs\":[\"https:\\\/\\\/x.com\\\/laferrierebrixi\",\"https:\\\/\\\/www.linkedin.com\\\/in\\\/alexandrelaferriere\\\/\",\"https:\\\/\\\/www.pinterest.com\\\/laferrierebrixi\\\/\",\"https:\\\/\\\/www.instagram.com\\\/nadia.brixi_lb.diamantaires\"]}]}<\/script>\n<!-- \/ Yoast SEO plugin. -->","yoast_head_json":{"title":"Politique de confidentialit\u00e9 | LB Diamantaires","description":"Politique de confidentialit\u00e9 de Laferri\u00e8re & Brixi Diamantaires, informations sur la protection de vos donn\u00e9es personnelles.","robots":{"index":"index","follow":"follow","max-snippet":"max-snippet:-1","max-image-preview":"max-image-preview:large","max-video-preview":"max-video-preview:-1"},"canonical":"https:\/\/lbdiamantaires.com\/fr\/politique-de-confidentialite\/","og_locale":"fr_FR","og_type":"article","og_title":"Politique de confidentialit\u00e9 | LB Diamantaires","og_description":"Politique de confidentialit\u00e9 de Laferri\u00e8re & Brixi Diamantaires, informations sur la protection de vos donn\u00e9es personnelles.","og_url":"https:\/\/lbdiamantaires.com\/fr\/politique-de-confidentialite\/","og_site_name":"LB Diamantaires","article_modified_time":"2026-04-14T16:31:01+00:00","og_image":[{"width":1200,"height":675,"url":"https:\/\/lbdiamantaires.com\/wp-content\/uploads\/2026\/04\/Lb-diamantaires-official-website.png","type":"image\/png"}],"twitter_card":"summary_large_image","twitter_site":"@laferrierebrixi","twitter_misc":{"Dur\u00e9e de lecture estim\u00e9e":"1 minute"},"schema":{"@context":"https:\/\/schema.org","@graph":[{"@type":"WebPage","@id":"https:\/\/lbdiamantaires.com\/fr\/politique-de-confidentialite\/","url":"https:\/\/lbdiamantaires.com\/fr\/politique-de-confidentialite\/","name":"Politique de confidentialit\u00e9 | LB Diamantaires","isPartOf":{"@id":"https:\/\/lbdiamantaires.com\/fr\/#website"},"datePublished":"2026-04-07T15:11:19+00:00","dateModified":"2026-04-14T16:31:01+00:00","description":"Politique de confidentialit\u00e9 de Laferri\u00e8re & Brixi Diamantaires, informations sur la protection de vos donn\u00e9es personnelles.","breadcrumb":{"@id":"https:\/\/lbdiamantaires.com\/fr\/politique-de-confidentialite\/#breadcrumb"},"inLanguage":"fr-FR","potentialAction":[{"@type":"ReadAction","target":["https:\/\/lbdiamantaires.com\/fr\/politique-de-confidentialite\/"]}]},{"@type":"BreadcrumbList","@id":"https:\/\/lbdiamantaires.com\/fr\/politique-de-confidentialite\/#breadcrumb","itemListElement":[{"@type":"ListItem","position":1,"name":"Accueil","item":"https:\/\/lbdiamantaires.com\/fr\/"},{"@type":"ListItem","position":2,"name":"Politique de confidentialit\u00e9"}]},{"@type":"WebSite","@id":"https:\/\/lbdiamantaires.com\/fr\/#website","url":"https:\/\/lbdiamantaires.com\/fr\/","name":"LB Diamantaires","description":"Laferri\u00e8re &amp; Brixi\u00a0Diamantaires sp\u00e9cialiste de vente et achat de diamants d&#039;exception et fabrication de bijoux","publisher":{"@id":"https:\/\/lbdiamantaires.com\/fr\/#organization"},"alternateName":"Laferri\u00e8re & Brixi Diamantaires","potentialAction":[{"@type":"SearchAction","target":{"@type":"EntryPoint","urlTemplate":"https:\/\/lbdiamantaires.com\/fr\/?s={search_term_string}"},"query-input":{"@type":"PropertyValueSpecification","valueRequired":true,"valueName":"search_term_string"}}],"inLanguage":"fr-FR"},{"@type":"Organization","@id":"https:\/\/lbdiamantaires.com\/fr\/#organization","name":"LB Diamantaires","alternateName":"Laferri\u00e8re & Brixi Diamantaires","url":"https:\/\/lbdiamantaires.com\/fr\/","logo":{"@type":"ImageObject","inLanguage":"fr-FR","@id":"https:\/\/lbdiamantaires.com\/fr\/#\/schema\/logo\/image\/","url":"https:\/\/lbdiamantaires.com\/wp-content\/uploads\/2026\/04\/lb-diamantaires-SEO.png","contentUrl":"https:\/\/lbdiamantaires.com\/wp-content\/uploads\/2026\/04\/lb-diamantaires-SEO.png","width":696,"height":696,"caption":"LB Diamantaires"},"image":{"@id":"https:\/\/lbdiamantaires.com\/fr\/#\/schema\/logo\/image\/"},"sameAs":["https:\/\/x.com\/laferrierebrixi","https:\/\/www.linkedin.com\/in\/alexandrelaferriere\/","https:\/\/www.pinterest.com\/laferrierebrixi\/","https:\/\/www.instagram.com\/nadia.brixi_lb.diamantaires"]}]}},"_links":{"self":[{"href":"https:\/\/lbdiamantaires.com\/fr\/wp-json\/wp\/v2\/pages\/4544","targetHints":{"allow":["GET"]}}],"collection":[{"href":"https:\/\/lbdiamantaires.com\/fr\/wp-json\/wp\/v2\/pages"}],"about":[{"href":"https:\/\/lbdiamantaires.com\/fr\/wp-json\/wp\/v2\/types\/page"}],"author":[{"embeddable":true,"href":"https:\/\/lbdiamantaires.com\/fr\/wp-json\/wp\/v2\/users\/2"}],"replies":[{"embeddable":true,"href":"https:\/\/lbdiamantaires.com\/fr\/wp-json\/wp\/v2\/comments?post=4544"}],"version-history":[{"count":25,"href":"https:\/\/lbdiamantaires.com\/fr\/wp-json\/wp\/v2\/pages\/4544\/revisions"}],"predecessor-version":[{"id":5097,"href":"https:\/\/lbdiamantaires.com\/fr\/wp-json\/wp\/v2\/pages\/4544\/revisions\/5097"}],"wp:attachment":[{"href":"https:\/\/lbdiamantaires.com\/fr\/wp-json\/wp\/v2\/media?parent=4544"}],"curies":[{"name":"wp","href":"https:\/\/api.w.org\/{rel}","templated":true}]}}